{"id":72579,"date":"2017-01-18T14:08:40","date_gmt":"2017-01-18T19:08:40","guid":{"rendered":"https:\/\/www.chcfinc.org\/clearinghouse\/contactenos\/"},"modified":"2017-02-15T12:17:26","modified_gmt":"2017-02-15T17:17:26","slug":"contactenos","status":"publish","type":"page","link":"https:\/\/www.chcfinc.org\/clearinghouse\/contactenos\/","title":{"rendered":"Cont\u00e1ctenos"},"content":{"rendered":"<p>[vc_row type=&#8221;container&#8221; padding_top=&#8221;&#8221; padding_bottom=&#8221;&#8221; css=&#8221;.vc_custom_1444677581041{padding-top: 30px !important;}&#8221;][vc_column][vc_column_text]\u00bfLe gustar\u00eda hablar directamente con un miembro del personal de CHCF Cuidado temprano y Educaci\u00f3n? Solo llene el formulario a continuaci\u00f3n o escoja uno de los m\u00e9todos alternativos de comunicaci\u00f3n. Estamos disponibles de lunes a viernes, 9:00-5:00 p.m. para tomar su llamada.[\/vc_column_text][\/vc_column][\/vc_row][vc_row type=&#8221;container&#8221; padding_top=&#8221;&#8221; padding_bottom=&#8221;&#8221; css=&#8221;.vc_custom_1444677549059{margin-bottom: 45px !important;}&#8221;][vc_column][vc_separator color=&#8221;#eeeeee&#8221; type=&#8221;normal&#8221; thickness=&#8221;1&#8243; up=&#8221;&#8221; down=&#8221;&#8221; style=&#8221;&#8221; el_width=&#8221;&#8221;][\/vc_column][\/vc_row][vc_row type=&#8221;container&#8221; padding_top=&#8221;&#8221; padding_bottom=&#8221;&#8221; css=&#8221;.vc_custom_1445274356740{margin-bottom: 70px !important;}&#8221;][vc_column width=&#8221;1\/2&#8243; css=&#8221;.vc_custom_1445110591475{margin-bottom: 35px !important;padding-right: 25px !important;}&#8221;][vc_gmaps link=&#8221;#E-8_JTNDaWZyYW1lJTIwc3JjJTNEJTIyaHR0cHMlM0ElMkYlMkZ3d3cuZ29vZ2xlLmNvbSUyRm1hcHMlMkZlbWJlZCUzRnBiJTNEJTIxMW0xOCUyMTFtMTIlMjExbTMlMjExZDMwMjQuNjA4NTkxNzEwNTgxJTIxMmQtNzQuMDEzNDIxMTg0NTk1MjQlMjEzZDQwLjcwNDYxNzE3OTMzMjY2JTIxMm0zJTIxMWYwJTIxMmYwJTIxM2YwJTIxM20yJTIxMWkxMDI0JTIxMmk3NjglMjE0ZjEzLjElMjEzbTMlMjExbTIlMjExczB4ODljMjVhMTQxZTE3Mjk2MSUyNTNBMHhiZDM5MjI4YmFkNjA3MTE0JTIxMnM3NSUyQkJyb2FkJTJCU3QlMjUyQyUyQk5ldyUyQllvcmslMjUyQyUyQk5ZJTJCMTAwMDQlMjE1ZTAlMjEzbTIlMjExc2VuJTIxMnN1cyUyMTR2MTQ0NzkwNDI0NDM4NiUyMiUyMHdpZHRoJTNEJTIyNjAwJTIyJTIwaGVpZ2h0JTNEJTIyNDUwJTIyJTIwZnJhbWVib3JkZXIlM0QlMjIwJTIyJTIwc3R5bGUlM0QlMjJib3JkZXIlM0EwJTIyJTIwYWxsb3dmdWxsc2NyZWVuJTNFJTNDJTJGaWZyYW1lJTNF&#8221; size=&#8221;355&#8243;][vc_row_inner css=&#8221;.vc_custom_1444680613011{margin-top: 10px !important;margin-right: 0px !important;margin-left: 0px !important;border-top-width: 1px !important;border-right-width: 1px !important;border-bottom-width: 1px !important;border-left-width: 1px !important;border-left-color: #e2e2e2 !important;border-left-style: solid !important;border-right-color: #e2e2e2 !important;border-right-style: solid !important;border-top-color: #e2e2e2 !important;border-top-style: solid !important;border-bottom-color: #e2e2e2 !important;border-bottom-style: solid !important;}&#8221;][vc_column_inner width=&#8221;1\/3&#8243; css=&#8221;.vc_custom_1445252740667{padding-right: 0px !important;padding-left: 0px !important;}&#8221;][vc_single_image image=&#8221;71102&#8243; img_size=&#8221;large&#8221; css=&#8221;.vc_custom_1447966291806{margin-top: -1px !important;margin-bottom: -1px !important;margin-left: -16px !important;}&#8221;][\/vc_column_inner][vc_column_inner width=&#8221;2\/3&#8243; css=&#8221;.vc_custom_1445252754084{padding-right: 20px !important;padding-bottom: 20px !important;padding-left: 20px !important;}&#8221;][vc_column_text]<\/p>\n<h4>Preg\u00fantenos<\/h4>\n<h6><strong>\u00bfTiene preguntas acerca de empezar o administrar su negocio de guarder\u00eda? Podemos ayudarle Env\u00edenos un email y nos pondremos en contacto pronto, nuestro personal dedicado est\u00e1 siempre aqu\u00ed para ayudar. Tambi\u00e9n nos puede llamar\u00a0<\/strong><strong>212-206-1090<\/strong><strong>\u00a0lunes-viernes, 9:00\u20135:00pm<\/strong><\/h6>\n<p>[\/vc_column_text][\/vc_column_inner][\/vc_row_inner][\/vc_column][vc_column width=&#8221;1\/2&#8243; css=&#8221;.vc_custom_1444674595451{padding-left: 25px !important;}&#8221;][vc_row_inner css=&#8221;.vc_custom_1444680613011{margin-top: 10px !important;margin-right: 0px !important;margin-left: 0px !important;border-top-width: 1px !important;border-right-width: 1px !important;border-bottom-width: 1px !important;border-left-width: 1px !important;border-left-color: #e2e2e2 !important;border-left-style: solid !important;border-right-color: #e2e2e2 !important;border-right-style: solid !important;border-top-color: #e2e2e2 !important;border-top-style: solid !important;border-bottom-color: #e2e2e2 !important;border-bottom-style: solid !important;}&#8221;][vc_column_inner width=&#8221;2\/3&#8243; css=&#8221;.vc_custom_1445252754084{padding-right: 20px !important;padding-bottom: 20px !important;padding-left: 20px !important;}&#8221;][vc_column_text][contact-form-7 id=&#8221;72747&#8243; title=&#8221;Spanish Contact Form&#8221;][\/vc_column_text][\/vc_column_inner][\/vc_row_inner][\/vc_column][\/vc_row]<\/p>\n","protected":false},"excerpt":{"rendered":"<p>[vc_row type=&#8221;container&#8221; padding_top=&#8221;&#8221; padding_bottom=&#8221;&#8221; css=&#8221;.vc_custom_1444677581041{padding-top: 30px !important;}&#8221;][vc_column][vc_column_text]\u00bfLe gustar\u00eda hablar directamente con un miembro del personal de CHCF Cuidado temprano y Educaci\u00f3n? Solo llene el formulario a continuaci\u00f3n o escoja uno de los m\u00e9todos alternativos de comunicaci\u00f3n. Estamos disponibles de lunes a viernes, 9:00-5:00 p.m. para tomar su llamada.[\/vc_column_text][\/vc_column][\/vc_row][vc_row type=&#8221;container&#8221; padding_top=&#8221;&#8221; padding_bottom=&#8221;&#8221; css=&#8221;.vc_custom_1444677549059{margin-bottom: 45px !important;}&#8221;][vc_column][vc_separator color=&#8221;#eeeeee&#8221; [&hellip;]<\/p>\n","protected":false},"author":1,"featured_media":0,"parent":0,"menu_order":0,"comment_status":"closed","ping_status":"closed","template":"page-full-width.php","meta":{"_acf_changed":false,"jetpack_post_was_ever_published":false,"footnotes":""},"class_list":["post-72579","page","type-page","status-publish","hentry"],"acf":[],"jetpack_sharing_enabled":true,"jetpack_shortlink":"https:\/\/wp.me\/P6XtFU-iSD","_links":{"self":[{"href":"https:\/\/www.chcfinc.org\/clearinghouse\/wp-json\/wp\/v2\/pages\/72579","targetHints":{"allow":["GET"]}}],"collection":[{"href":"https:\/\/www.chcfinc.org\/clearinghouse\/wp-json\/wp\/v2\/pages"}],"about":[{"href":"https:\/\/www.chcfinc.org\/clearinghouse\/wp-json\/wp\/v2\/types\/page"}],"author":[{"embeddable":true,"href":"https:\/\/www.chcfinc.org\/clearinghouse\/wp-json\/wp\/v2\/users\/1"}],"replies":[{"embeddable":true,"href":"https:\/\/www.chcfinc.org\/clearinghouse\/wp-json\/wp\/v2\/comments?post=72579"}],"version-history":[{"count":8,"href":"https:\/\/www.chcfinc.org\/clearinghouse\/wp-json\/wp\/v2\/pages\/72579\/revisions"}],"predecessor-version":[{"id":72756,"href":"https:\/\/www.chcfinc.org\/clearinghouse\/wp-json\/wp\/v2\/pages\/72579\/revisions\/72756"}],"wp:attachment":[{"href":"https:\/\/www.chcfinc.org\/clearinghouse\/wp-json\/wp\/v2\/media?parent=72579"}],"curies":[{"name":"wp","href":"https:\/\/api.w.org\/{rel}","templated":true}]}}