{"id":72441,"date":"2017-01-18T12:30:11","date_gmt":"2017-01-18T17:30:11","guid":{"rendered":"https:\/\/www.chcfinc.org\/clearinghouse\/establezca-su-programa\/licencia-y-proceso-de-solicitud\/"},"modified":"2017-10-03T11:54:11","modified_gmt":"2017-10-03T15:54:11","slug":"licencia-y-proceso-de-solicitud","status":"publish","type":"page","link":"https:\/\/www.chcfinc.org\/clearinghouse\/establezca-su-programa\/licencia-y-proceso-de-solicitud\/","title":{"rendered":"Licencia y Proceso de Solicitud"},"content":{"rendered":"<p>[vc_row type=&#8221;container&#8221; padding_top=&#8221;&#8221; padding_bottom=&#8221;&#8221; css=&#8221;.vc_custom_1445095550748{margin-bottom: 0px !important;}&#8221;][vc_column width=&#8221;2\/3&#8243; css=&#8221;.vc_custom_1444994880924{margin-bottom: 35px !important;}&#8221;][vc_column_text]<span lang=\"ES-CR\" style=\"font-family: 'Georgia','serif'; color: #333333;\">En el Estado de Nueva York, como regla general, cualquier programa de cuidado infantil que planifique prestar servicios a tres o m\u00e1s ni\u00f1os durante m\u00e1s de tres horas por d\u00eda de forma regular debe obtener una licencia o registro. El proveedor puede obtener m\u00e1s informaci\u00f3n sobre los requisitos del estado si se<span class=\"apple-converted-space\">\u00a0<\/span><\/span><span lang=\"ES-CR\"><a href=\"https:\/\/www.chcfinc.org\/clearinghouse\/es\/contactenos\/\"><span style=\"font-family: 'Georgia','serif';\">pone en contacto con nosotros<\/span><\/a><\/span><span lang=\"ES-CR\" style=\"font-family: 'Georgia','serif'; color: #333333;\">.<\/span><\/p>\n<p><span lang=\"ES-CR\" style=\"font-family: 'Georgia','serif'; color: #333333;\">Se recomienda que el proveedor obtenga su licencia por varios motivos: 1) para mejorar las habilidades y los conocimientos y ayudarlo a establecer un programa de alta calidad, 2) las licencias es uno de los criterios que los padres usan cuando seleccionan un programa o proveedor familiar de cuidado infantil, y 3) la licencia le permite al proveedor deducir gastos que no ser\u00edan deducibles de otra manera.<\/span>[\/vc_column_text][\/vc_column][vc_column width=&#8221;1\/3&#8243;][vc_gallery interval=&#8221;3&#8243; images=&#8221;71822&#8243; img_size=&#8221;full&#8221;][\/vc_column][\/vc_row][vc_row type=&#8221;container&#8221; padding_top=&#8221;&#8221; padding_bottom=&#8221;&#8221;][vc_column][vc_empty_space][vc_tta_accordion active_section=&#8221;0&#8243; collapsible_all=&#8221;true&#8221;][vc_tta_section title=&#8221;\u00bfC\u00f3mo ser un proveedor familiar de cuidado infantil en el Estado de Nueva York?&#8221; tab_id=&#8221;1451403040799-c3a3b1ba-6fbe&#8221;][vc_column_text]El proceso de solicitud para ser proveedor de cuidado infantil es el mismo en todo el Estado de Nueva York. El Committee for Hispanic Children and Families, Inc. o CHCF es una agencia de Derivaci\u00f3n y Recursos Atenci\u00f3n Infantil que opera en la Ciudad de Nueva York. Los representantes de la agencia est\u00e1n disponibles para explicarles a los solicitantes de la Ciudad de Nueva York todo el proceso o brindarles asistencia durante el proceso sin costo alguno. A los solicitantes les tomar\u00e1 entre 6 y 8 meses\u00a0 abrir un negocio de cuidado infantil.<\/p>\n<p>Puede comunicarse con CHCF v\u00eda telef\u00f3nica al (212) 206-1090.<\/p>\n<h3>Paso uno: completar una orientaci\u00f3n en l\u00ednea<\/h3>\n<p>Para obtener una solicitud para pedir una licencia del programa familiar de cuidado infantil grupal o inscripci\u00f3n familiar, primero deber\u00e1 realizar la\u00a0Orientaci\u00f3n de Cuidado Infantil. Esta orientaci\u00f3n se encuentra en l\u00ednea en ingl\u00e9s con subt\u00edtulos en espa\u00f1ol en\u00a0<a href=\"http:\/\/ocfs.ny.gov\/main\/childcare\/techreq.asp\">http:\/\/ocfs.ny.gov\/main\/childcare\/techreq.asp<\/a>.<\/p>\n<h3>Paso dos: pedir una solicitud<\/h3>\n<p>Luego de finalizar la orientaci\u00f3n, los solicitantes deber\u00e1n pedir un formulario de solicitud en la oficina del Departamento de Salud e Higiene Mental o DOHMH de su localidad. S\u00f3lo ellos ser\u00e1n elegibles para pedir una solicitud luego de completar de manera satisfactoria la orientaci\u00f3n obligatoria en l\u00ednea. La solicitud llegar\u00e1 dentro de un plazo de 3 o 4\u00a0semanas.<\/p>\n<p>Puede llamar a\u00a0<a href=\"https:\/\/www.chcfinc.org\/clearinghouse\/es\/contactenos\/\">CHCF<\/a>\u00a0para pedir una solicitud y obtener una lista de la oficina del Departamento de Salud Mental e Higiene (DOHMH\/DOH) de su localidad.<\/p>\n<h3>Paso tres: completar la solicitud<\/h3>\n<p><em><strong>La solicitud para el Cuidado \u00a0Infantil Familiar y Grupal tiene aproximadamente 106\u00a0p\u00e1ginas. No se asuste, la podemos leer juntos.<\/strong><\/em><\/p>\n<p>Para completar la solicitud correctamente, el proveedor de cuidado infantil deber\u00e1 hacer lo siguiente:<\/p>\n<ul>\n<li>completar la capacitaci\u00f3n NYS H&amp;S de 15\u00a0horas **\u00a1CHCF ofrece este curso!<\/li>\n<li>completar capacitaci\u00f3n de RCP\/primeros auxilios<\/li>\n<li>enviar 3\u00a0referencias profesionales<\/li>\n<li>describir las calificaciones relacionadas con el trabajo con ni\u00f1os<\/li>\n<li>proporcionar un historial de capacitaciones completadas y las certificaciones adquiridas<\/li>\n<li>enviar un control de antecedentes (<em>Control de la Base de Datos del Registro Estatal [Statewide Central Registry Database Check o SCR]<\/em>) &#8211; (del proveedor\u00a0 y de cualquier miembro de la familia de m\u00e1s de 18\u00a0a\u00f1os de edad)<\/li>\n<li>enviar un formulario de la\u00a0<em>Lista de Exclusi\u00f3n del Personal <\/em>(Staff Exclusion List o SEL) que controlar\u00e1 si el proveedor o cualquier miembro del personal tiene antecedentes de abuso o negligencia contra ni\u00f1os \u2013 (del proveedor y de cualquier miembro del personal)<\/li>\n<li>presentar una declaraci\u00f3n f\u00edsica y m\u00e9dica (del proveedor y de todos los miembros de la familia)<\/li>\n<li>presentar condena penal (del proveedor y de cualquier miembro de la familia de m\u00e1s de 18\u00a0a\u00f1os de edad)<\/li>\n<li>informaci\u00f3n del asistente\/sustituto, si corresponde: todos los asistentes y sustitutos tambi\u00e9n deber\u00e1n enviar sus calificaciones, capacitaciones, referencias, declaraciones m\u00e9dicas, controles de antecedentes, formularios SEL y SCR<\/li>\n<li>enviar un formulario de seguridad relacionado con la cantidad de agua en su propiedad, uso de armas y mascotas, si corresponde<\/li>\n<li>formulario de prueba del suministro de agua<\/li>\n<li>formulario de inspecci\u00f3n del sistema de incineraci\u00f3n de combustibles<\/li>\n<li>formularios de inspecci\u00f3n de peligros ambientales<\/li>\n<li>plano del piso interno<\/li>\n<li>\u00e1rea externa de juegos (incluso si se trata de un parque p\u00fablico o espacio recreativo)<\/li>\n<li>plan de reubicaci\u00f3n de emergencia<\/li>\n<li>diagrama de evacuaci\u00f3n de emergencia<\/li>\n<li>plan de refugio de emergencia en el lugar<\/li>\n<li>plan de control del comportamiento<\/li>\n<li>programar pautas y rutinas para beb\u00e9s, ni\u00f1os y ni\u00f1os en edad preescolar y escolar<\/li>\n<li>cronograma diario<\/li>\n<li>horario de funcionamiento<\/li>\n<li>\u00a1Pautas del Plan de Atenci\u00f3n M\u00e9dica y un Plan de Atenci\u00f3n M\u00e9dica **CHCF puede ayudar al proveedor a desarrollar un Plan de Atenci\u00f3n M\u00e9dica GRATUITO!<\/li>\n<li>Declaraci\u00f3n de las obligaciones de la manutenci\u00f3n de ni\u00f1os<\/li>\n<li>Acuerdo de cumplimiento (firma del proveedor para verificar que la solicitud es verdadera y correcta)<\/li>\n<\/ul>\n<p>Llame a CHCF para solicitar ayuda de manera GRATUITA al completar esta solicitud. Para garantizar que todo est\u00e9 en orden antes del env\u00edo, los representantes de CHCF est\u00e1n disponibles para revisar en detalle la solicitud. Este proceso toma aproximadamente tres (3) horas.<\/p>\n<h3>Paso cuatro: env\u00edo de la solicitud<\/h3>\n<p>Todas las solicitudes en la Ciudad de Nueva York deben entregarse a la oficina de DOHMH de la localidad. Las direcciones se incluyen en la aplicaci\u00f3n. Puede hacer clic\u00a0<a href=\"https:\/\/www.chcfinc.org\/clearinghouse\/getting-started\/mandates-rules-regulations\/#1448042072937-e10fe0e2-ab06\">aqu\u00ed<\/a>\u00a0para tener acceso a una\u00a0lista de las ubicaciones.<\/p>\n<p>El proveedor debe conservar una copia de la solicitud. Adem\u00e1s, debe solicitar un recibido cuando entregue la solicitud.<\/p>\n<p>En este momento, tambi\u00e9n puede concertar una cita con CHCF para obtener informaci\u00f3n acerca de los diferentes servicios y recursos gratuitos y de bajo costo disponibles que le ofrecemos a los proveedores, asistentes y sustitutos de cuidado infantil familiar y grupal.<\/p>\n<h3>Paso cinco: inspecci\u00f3n de desempe\u00f1o de OCFS\/DOHMH<\/h3>\n<p>Luego de recibir su solicitud, el DOHMH contactar\u00e1 al proveedor para avisarle si se necesita alguna informaci\u00f3n adicional o documentaci\u00f3n para completar la solicitud. Luego, programar\u00e1 una inspecci\u00f3n. El motivo de la inspecci\u00f3n es garantizar que el hogar\/departamento del proveedor cumpla con los requisitos estatales para el negocio de cuidado infantil. DOHMH usar\u00e1 su propio formulario de inspecci\u00f3n del sitio Web para verificar que la informaci\u00f3n que proporcion\u00f3 en su solicitud es correcta.<\/p>\n<p>&nbsp;<\/p>\n<p><strong>Al momento de la inspecci\u00f3n, el espacio que planifica utilizar deber\u00e1 estar organizado como si estuviera prestando servicios<\/strong>.<\/p>\n<p>Mientras CHCF puede brindar apoyo al proveedor en el proceso de solicitud y de inicio, as\u00ed como en los arreglos del sal\u00f3n, \u00fanicamente DOHMH en la Ciudad de Nueva York puede aprobar una casa o apartamento para el cuidado infantil.<\/p>\n<h3>Paso seis: recibir la licencia\/decisi\u00f3n de inscripci\u00f3n<\/h3>\n<p>Luego de que se realice la inspecci\u00f3n, el proveedor recibir\u00e1 una carta con la decisi\u00f3n de si el lugar fue aprobado para el negocio o no.<\/p>\n<p>Una vez que haya recibido la aprobaci\u00f3n para el negocio, el proveedor ser\u00e1 elegible para un subsidio para emprendimientos con CHCF. El subsidio incluye $300 en materiales, as\u00ed como apoyo individualizado del programa para su nuevo negocio de cuidado infantil.<\/p>\n<p>En esta etapa del proceso es sumamente recomendable que el proveedor cuente con:<\/p>\n<ul>\n<li>un presupuesto operativo;<\/li>\n<li>un contrato y un manual de pol\u00edticas para los padres;<\/li>\n<li>mercadeo y reclutamiento iniciales para el programa;<\/li>\n<li>solicitud para recibir un reembolso de las comidas y los refrigerios que proporciona a trav\u00e9s del Programa de Alimentos para el Cuidado de Ni\u00f1os y Adultos (Child Adult Care Food Program o CACFP); y<\/li>\n<li>la b\u00fasqueda y compra de un seguro comercial.<\/li>\n<\/ul>\n<p>\u00a1\u00a1\u00a1CHCF puede ayudar al proveedor de cuidado infantil en cada paso del camino!!! \u00a0P\u00f3ngase en contacto con nosotros ahora\u2026<\/p>\n<h3>Paso siete: abrir el negocio<\/h3>\n<p>CHCF reconoce que los proveedores de cuidado infantil deben contar con diversas habilidades y desempe\u00f1ar diferentes papeles. Por ese motivo est\u00e1 disponible como un apoyo continuo, proporcionando capacitaci\u00f3n grupal y asistencia de programa individualizado y personalizado.<\/p>\n<p>Los proveedores pueden comunicarse con CHCF para obtener ayuda en gran variedad de \u00e1reas. CHCF puede ayudarle a apoyar el trabajo del proveedor con las familias respondiendo preguntas sobre el manejo del comportamiento, la administraci\u00f3n de medicamentos, o la solicitud de asistencia en cuanto a las relaciones con los empleados y las mejores pr\u00e1cticas comerciales.<\/p>\n<p>CHCF es un recurso comprometido a ayudar a los proveedores de cuidado infantil a dar rienda suelta a su poder econ\u00f3mico. CHCF est\u00e1 disponible a ayudarlos porque reconoce que el trabajo que realizan los proveedores crea comunidades.[\/vc_column_text][\/vc_tta_section][vc_tta_section title=&#8221;Contrataci\u00f3n de empleados &#8221; tab_id=&#8221;1447875397635-2da481b7-d330&#8243;][vc_column_text]Como proveedor de cuidado infantil, podr\u00eda necesitar contratar empleados seg\u00fan la cantidad de ni\u00f1os inscritos y el tipo de licencia obtenida.<\/p>\n<p>Las reglas y reglamentaciones generales en relaci\u00f3n con el personal, los voluntarios o los sustitutos requieren que la persona tenga capacitaci\u00f3n previa al servicio, un control de antecedentes penales, incluida la toma de huellas digitales. Adem\u00e1s, puede haber requisitos para ex\u00e1menes y declaraciones m\u00e9dicas, referencias, etc.<\/p>\n<p>Existen requisitos legales espec\u00edficos para empleadores en relaci\u00f3n con la verificaci\u00f3n de la elegibilidad laboral, la retenci\u00f3n y el pago de los impuestos.<\/p>\n<p>Es poco probable que un asistente o sustituto sea un contratista independiente. Clasificar de manera incorrecta a los empleados es un error que podr\u00eda llegar a ser bastante costoso para el propietario de la empresa, quien podr\u00eda finalmente tener costos relacionados con los empleados, p.\u00a0ej., impuestos atrasados y cualquier penalidad aplicable para los impuestos a las ganancias estatales y federales.<\/p>\n<p>Para conocer m\u00e1s acerca de las responsabilidades como empleador haga clic <a href=\"https:\/\/www.chcfinc.org\/clearinghouse\/managing-your-program\/employees\/\">aqu\u00ed<\/a>.[\/vc_column_text][\/vc_tta_section][\/vc_tta_accordion][\/vc_column][\/vc_row][vc_row type=&#8221;container&#8221; padding_top=&#8221;&#8221; padding_bottom=&#8221;&#8221;][vc_column width=&#8221;1\/2&#8243;][vc_column_text]<iframe src=\"\/\/docs.google.com\/viewer?url=https%3A%2F%2Fwww.chcfinc.org%2Fclearinghouse%2Fwp-content%2Fuploads%2F2016%2F12%2Fhow-to.pdf&hl=en_US&embedded=true\" class=\"gde-frame\" style=\"width:100%; height:500px; border: none;\" scrolling=\"no\"><\/iframe>\n<p class=\"gde-text\"><a href=\"https:\/\/www.chcfinc.org\/clearinghouse\/wp-content\/uploads\/2016\/12\/how-to.pdf\" class=\"gde-link\">Download (PDF, 285KB)<\/a><\/p>[\/vc_column_text][\/vc_column][vc_column width=&#8221;1\/2&#8243;][\/vc_column][\/vc_row][vc_row type=&#8221;container&#8221; padding_top=&#8221;&#8221; padding_bottom=&#8221;&#8221;][vc_column][vc_cta h2=&#8221;Para Asistencia llame a CHCF &#8220;]Los v\u00eddeo de orientaci\u00f3n del estado de Nueva York s\u00f3lo est\u00e1 disponible en ingl\u00e9s con subt\u00edtulos espa\u00f1olas.\u00a0Por favor llame CHCF 212-206-1090 si necesita ayuda o acceso a computadoras con este curso online en Espa\u00f1ol[\/vc_cta][vc_column_text]<\/p>\n<h2 class=\"cg-page-title\">RECURSOS y ENLACES<\/h2>\n<p><a href=\"http:\/\/childcareaware.org\/parents-and-guardians\/childcarefinder#section=searchbyzip\" target=\"_blank\" rel=\"noopener\">Child Care Aware Child Care Resource &amp; Referral (CCR&amp;R) Agency Locator<\/a><br \/>\n<a href=\"http:\/\/ocfs.ny.gov\/main\/childcare\/infoforproviders.asp\" target=\"_blank\" rel=\"noopener\">NYS Office of Children &amp; Family Services: Info for Providers<\/a><br \/>\n<a href=\"http:\/\/www.nyccrr.org\/\" target=\"_blank\" rel=\"noopener\">New York City Child Care Resource &amp; Referral Consortium<\/a><br \/>\n<a href=\"https:\/\/www.chcfinc.org\" target=\"_blank\" rel=\"noopener\">The Committee for Hispanic Children and Families, Inc.<\/a>[\/vc_column_text][\/vc_column][\/vc_row]<\/p>\n","protected":false},"excerpt":{"rendered":"<p>[vc_row type=&#8221;container&#8221; padding_top=&#8221;&#8221; padding_bottom=&#8221;&#8221; css=&#8221;.vc_custom_1445095550748{margin-bottom: 0px !important;}&#8221;][vc_column width=&#8221;2\/3&#8243; css=&#8221;.vc_custom_1444994880924{margin-bottom: 35px !important;}&#8221;][vc_column_text]En el Estado de Nueva York, como regla general, cualquier programa de cuidado infantil que planifique prestar servicios a tres o m\u00e1s ni\u00f1os durante m\u00e1s de tres horas por d\u00eda de forma regular debe obtener una licencia o registro. El proveedor puede obtener m\u00e1s informaci\u00f3n [&hellip;]<\/p>\n","protected":false},"author":1,"featured_media":0,"parent":72358,"menu_order":3,"comment_status":"closed","ping_status":"closed","template":"","meta":{"_acf_changed":false,"jetpack_post_was_ever_published":false,"footnotes":""},"class_list":["post-72441","page","type-page","status-publish","hentry"],"acf":[],"jetpack_sharing_enabled":true,"jetpack_shortlink":"https:\/\/wp.me\/P6XtFU-iQp","_links":{"self":[{"href":"https:\/\/www.chcfinc.org\/clearinghouse\/wp-json\/wp\/v2\/pages\/72441","targetHints":{"allow":["GET"]}}],"collection":[{"href":"https:\/\/www.chcfinc.org\/clearinghouse\/wp-json\/wp\/v2\/pages"}],"about":[{"href":"https:\/\/www.chcfinc.org\/clearinghouse\/wp-json\/wp\/v2\/types\/page"}],"author":[{"embeddable":true,"href":"https:\/\/www.chcfinc.org\/clearinghouse\/wp-json\/wp\/v2\/users\/1"}],"replies":[{"embeddable":true,"href":"https:\/\/www.chcfinc.org\/clearinghouse\/wp-json\/wp\/v2\/comments?post=72441"}],"version-history":[{"count":17,"href":"https:\/\/www.chcfinc.org\/clearinghouse\/wp-json\/wp\/v2\/pages\/72441\/revisions"}],"predecessor-version":[{"id":73068,"href":"https:\/\/www.chcfinc.org\/clearinghouse\/wp-json\/wp\/v2\/pages\/72441\/revisions\/73068"}],"up":[{"embeddable":true,"href":"https:\/\/www.chcfinc.org\/clearinghouse\/wp-json\/wp\/v2\/pages\/72358"}],"wp:attachment":[{"href":"https:\/\/www.chcfinc.org\/clearinghouse\/wp-json\/wp\/v2\/media?parent=72441"}],"curies":[{"name":"wp","href":"https:\/\/api.w.org\/{rel}","templated":true}]}}