{"id":72427,"date":"2017-01-18T12:18:32","date_gmt":"2017-01-18T17:18:32","guid":{"rendered":"https:\/\/www.chcfinc.org\/clearinghouse\/establezca-su-programa\/numero-de-identificacion-del-empleado-ein\/"},"modified":"2017-10-03T11:51:05","modified_gmt":"2017-10-03T15:51:05","slug":"numero-de-identificacion-del-empleado-ein","status":"publish","type":"page","link":"https:\/\/www.chcfinc.org\/clearinghouse\/establezca-su-programa\/numero-de-identificacion-del-empleado-ein\/","title":{"rendered":"N\u00famero de Identificaci\u00f3n del Empleado (EIN)"},"content":{"rendered":"<p>[vc_row type=&#8221;container&#8221; padding_top=&#8221;&#8221; padding_bottom=&#8221;&#8221;][vc_column width=&#8221;1\/2&#8243; css=&#8221;.vc_custom_1444995131822{margin-bottom: 35px !important;}&#8221;][vc_column_text]El N\u00famero de Identificaci\u00f3n del Empleado (Employee Identification Number) tambi\u00e9n se conoce como N\u00famero de Identificaci\u00f3n Tributaria Federal y se usa para identificar una entidad comercial. Se requiere un EIN para todas las sociedades C y S, as\u00ed como en otras circunstancias.[\/vc_column_text][\/vc_column][vc_column width=&#8221;1\/2&#8243;][vc_single_image image=&#8221;72187&#8243; img_size=&#8221;medium&#8221;][\/vc_column][\/vc_row][vc_row type=&#8221;container&#8221; padding_top=&#8221;&#8221; padding_bottom=&#8221;&#8221;][vc_column][vc_tta_accordion active_section=&#8221;0&#8243; collapsible_all=&#8221;true&#8221;][vc_tta_section title=&#8221;\u00bfSe requiere un N\u00famero de Identificaci\u00f3n del Empleador (Employer Identification Number o EIN)? \u00bfD\u00f3nde se obtiene un EIN?  &#8221; tab_id=&#8221;1484069309123-91d88ad3-80fe&#8221;][vc_column_text]Se requiere un EIN para todas las sociedades C, sociedades S, sociedades generales y sociedades limitadas.<\/p>\n<p>Fuente:\u00a0<a href=\"https:\/\/www.irs.gov\/Businesses\/Small-Businesses-&amp;amp;-Self-Employed\/Do-You-Need-an-EIN\">IRS. (2015). \u201c\u00bfNecesita un EIN?\u201d<\/a><\/p>\n<p>Si respondi\u00f3 \u201cs\u00ed\u201d a cualquiera de las preguntas de la tabla anterior, entonces necesita un EIN.<\/p>\n<p>El proceso de solicitud del EIN es el mismo independientemente de la estructura establecida del negocio. El IRS no cobra ning\u00fan cargo por una solicitud de EIN. Si el proceso de solicitud se realiza en l\u00ednea se proporciona un EIN de manera inmediata luego de que se complete la solicitud. Es sumamente importante que la informaci\u00f3n se archive de manera segura y sea de f\u00e1cil consulta.<\/p>\n<p>Solicitud a trav\u00e9s de correo:<\/p>\n<p>Env\u00edo por correo de la\u00a0<a href=\"https:\/\/www.irs.gov\/pub\/irs-pdf\/fss4.pdf\">Solicitud del N\u00famero de Identificaci\u00f3n del Empleador o Formulario SS-4 (Application for Employer Identification Number o Form SS-4) a<\/a><\/p>\n<p>Internal Revenue Service<\/p>\n<p>Attn: EIN Operation<\/p>\n<p>Cincinnati, OH 45999<\/p>\n<p>Solicitud por fax:<\/p>\n<p>Env\u00edo por fax de la \u00a0<a href=\"https:\/\/www.irs.gov\/pub\/irs-pdf\/fss4.pdf\">Solicitud del N\u00famero de Identificaci\u00f3n del Empleador o Formulario SS-4 (Application for Employer Identification Number o Form SS-4)<\/a>\u00a0al (859) 669-5760<\/p>\n<p>Solicitud en l\u00ednea:<\/p>\n<p>P\u00e1gina del IRS: <a href=\"https:\/\/www.irs.gov\/Businesses\/Small-Businesses-&amp;-Self-Employed\/Apply-for-an-Employer-Identification-Number-(EIN)-Online\">Solicitud de un N\u00famero de Identificaci\u00f3n del Empleador (EIN) en l\u00ednea<\/a><\/p>\n<p>Recursos y enlaces:<\/p>\n<p><a href=\"https:\/\/www.irs.gov\/Businesses\/Small-Businesses-&amp;-Self-Employed\/Employer-ID-Numbers-EINs\">https:\/\/www.irs.gov\/Businesses\/Small-Businesses-&amp;-Self-Employed\/Employer-ID-Numbers-EINs<\/a><br \/>\n<a href=\"https:\/\/www.irs.gov\/Businesses\/Small-Businesses-&amp;-Self-Employed\/How-to-Apply-for-an-EIN\">https:\/\/www.irs.gov\/Businesses\/Small-Businesses-&amp;-Self-Employed\/How-to-Apply-for-an-EIN<\/a><br \/>\n<a href=\"https:\/\/www.irs.gov\/Businesses\/Small-Businesses-&amp;-Self-Employed\/Apply-for-an-Employer-Identification-Number-(EIN)-Online\">https:\/\/www.irs.gov\/Businesses\/Small-Businesses-&amp;-Self-Employed\/Apply-for-an-Employer-Identification-Number-(EIN)-Online<\/a><br \/>\n<a href=\"https:\/\/www.irs.gov\/Businesses\/Small-Businesses-&amp;-Self-Employed\/Online-EIN-Frequently-Asked-Questions\">https:\/\/www.irs.gov\/Businesses\/Small-Businesses-&amp;-Self-Employed\/Online-EIN-Frequently-Asked-Questions<\/a><br \/>\n<a href=\"https:\/\/www.irs.gov\/Businesses\/Small-Businesses-&amp;-Self-Employed\/Lost-or-Misplaced-Your-EIN\">https:\/\/www.irs.gov\/Businesses\/Small-Businesses-&amp;-Self-Employed\/Lost-or-Misplaced-Your-EIN<\/a>[\/vc_column_text][\/vc_tta_section][vc_tta_section title=&#8221;EIN: \u00bfUn propietario \u00fanico  sin empleados necesita un EIN? &#8221; tab_id=&#8221;1450124248085-a679c993-fcf6&#8243;][vc_column_text]Un propietario \u00fanico, debe tener un EIN para lo siguiente:<\/p>\n<ul>\n<li>contratar empleados;<\/li>\n<li>tener un plan de jubilaci\u00f3n Keogh o Solo 401(k);<\/li>\n<li>comprar o heredar un negocio existente que opere como<br \/>\npropietario exclusivo;<\/li>\n<li>incorporar o formar una sociedad o compa\u00f1\u00eda de responsabilidad limitada; o<\/li>\n<li>declararse en bancarrota.<\/li>\n<\/ul>\n<p>Un proveedor familiar de cuidado infantil que opera como propietario exclusivo en el Estado de Nueva York y no tiene empleados, por lo general, no requiere un EIN. <a href=\"http:\/\/www.tax.ny.gov\/pubs_and_bulls\/tg_bulletins\/st\/do_i_need_to_register_for_sales_tax.htm\">Bolet\u00edn sobre Impuestos ST-175<\/a>\u00a0e indica que las empresas de cuidado infantil con sede en el hogar no realizan ventas imponibles. Sin embargo, el EIN es requerido si existe un excedente de pago de impuestos .<\/p>\n<p>No obstante, existen beneficios del EIN a\u00fan si no es obligatorio. Por ejemplo:<\/p>\n<ul>\n<li>Es posible que se necesite un EIN para establecer una cuenta bancaria para su negocio.<\/li>\n<li>Adem\u00e1s, un EIN sirve como una alternativa para su n\u00famero de seguridad social.<\/li>\n<li>Por lo general, se requiere que les proporcione un EIN o n\u00famero de Seguro Social a los clientes.<\/li>\n<li>Cualquier persona que reclame un cr\u00e9dito para gastos de cuidado infantil necesitar\u00e1 esta informaci\u00f3n.<\/li>\n<li>Tener un EIN puede protegerlo contra robo de identidad.<\/li>\n<\/ul>\n<p><a href=\"https:\/\/www.chcfinc.org\/clearinghouse\/managing-your-program\/record-keeping-taxes\/\">Lea aqu\u00ed acerca de los impuestos y el mantenimiento de los registros<\/a><\/p>\n<p>Recursos y enlaces:<\/p>\n<p><a href=\"http:\/\/www.nolo.com\/legal-encyclopedia\/ein-employer-id-number-for-business-36129.html\">http:\/\/www.nolo.com\/legal-encyclopedia\/ein-employer-id-number-for-business-36129.html<\/a><br \/>\n<a href=\"http:\/\/www.nolo.com\/legal-encyclopedia\/when-does-sole-proprietor-need-ein.html\">http:\/\/www.nolo.com\/legal-encyclopedia\/when-does-sole-proprietor-need-ein.html<\/a>[\/vc_column_text][\/vc_tta_section][\/vc_tta_accordion][\/vc_column][\/vc_row][vc_row type=&#8221;container&#8221; padding_top=&#8221;&#8221; padding_bottom=&#8221;&#8221;][vc_column][vc_column_text]<\/p>\n<h2>RECURSOS y ENLACES<\/h2>\n<p><a href=\"https:\/\/www.irs.gov\/Businesses\/Small-Businesses-&amp;-Self-Employed\/Employer-ID-Numbers-EINs\" target=\"_blank\" rel=\"noopener\">IRS: EIN&#8217;s<\/a><br \/>\n<a href=\"https:\/\/www.irs.gov\/uac\/Contact-My-Local-Office-in-New-York\" target=\"_blank\" rel=\"noopener\">IRS: Local NYS Offices<\/a>[\/vc_column_text][\/vc_column][\/vc_row]<\/p>\n","protected":false},"excerpt":{"rendered":"<p>[vc_row type=&#8221;container&#8221; padding_top=&#8221;&#8221; padding_bottom=&#8221;&#8221;][vc_column width=&#8221;1\/2&#8243; css=&#8221;.vc_custom_1444995131822{margin-bottom: 35px !important;}&#8221;][vc_column_text]El N\u00famero de Identificaci\u00f3n del Empleado (Employee Identification Number) tambi\u00e9n se conoce como N\u00famero de Identificaci\u00f3n Tributaria Federal y se usa para identificar una entidad comercial. Se requiere un EIN para todas las sociedades C y S, as\u00ed como en otras circunstancias.[\/vc_column_text][\/vc_column][vc_column width=&#8221;1\/2&#8243;][vc_single_image image=&#8221;72187&#8243; img_size=&#8221;medium&#8221;][\/vc_column][\/vc_row][vc_row type=&#8221;container&#8221; padding_top=&#8221;&#8221; padding_bottom=&#8221;&#8221;][vc_column][vc_tta_accordion [&hellip;]<\/p>\n","protected":false},"author":1,"featured_media":0,"parent":72358,"menu_order":6,"comment_status":"closed","ping_status":"closed","template":"","meta":{"_acf_changed":false,"jetpack_post_was_ever_published":false,"footnotes":""},"class_list":["post-72427","page","type-page","status-publish","hentry"],"acf":[],"jetpack_sharing_enabled":true,"jetpack_shortlink":"https:\/\/wp.me\/P6XtFU-iQb","_links":{"self":[{"href":"https:\/\/www.chcfinc.org\/clearinghouse\/wp-json\/wp\/v2\/pages\/72427","targetHints":{"allow":["GET"]}}],"collection":[{"href":"https:\/\/www.chcfinc.org\/clearinghouse\/wp-json\/wp\/v2\/pages"}],"about":[{"href":"https:\/\/www.chcfinc.org\/clearinghouse\/wp-json\/wp\/v2\/types\/page"}],"author":[{"embeddable":true,"href":"https:\/\/www.chcfinc.org\/clearinghouse\/wp-json\/wp\/v2\/users\/1"}],"replies":[{"embeddable":true,"href":"https:\/\/www.chcfinc.org\/clearinghouse\/wp-json\/wp\/v2\/comments?post=72427"}],"version-history":[{"count":14,"href":"https:\/\/www.chcfinc.org\/clearinghouse\/wp-json\/wp\/v2\/pages\/72427\/revisions"}],"predecessor-version":[{"id":73060,"href":"https:\/\/www.chcfinc.org\/clearinghouse\/wp-json\/wp\/v2\/pages\/72427\/revisions\/73060"}],"up":[{"embeddable":true,"href":"https:\/\/www.chcfinc.org\/clearinghouse\/wp-json\/wp\/v2\/pages\/72358"}],"wp:attachment":[{"href":"https:\/\/www.chcfinc.org\/clearinghouse\/wp-json\/wp\/v2\/media?parent=72427"}],"curies":[{"name":"wp","href":"https:\/\/api.w.org\/{rel}","templated":true}]}}