{"id":72401,"date":"2017-01-18T12:08:30","date_gmt":"2017-01-18T17:08:30","guid":{"rendered":"https:\/\/www.chcfinc.org\/clearinghouse\/establezca-su-programa\/hace-negocios-como-dbanombre-ficticio\/"},"modified":"2017-10-03T11:16:55","modified_gmt":"2017-10-03T15:16:55","slug":"hace-negocios-como-dbanombre-ficticio","status":"publish","type":"page","link":"https:\/\/www.chcfinc.org\/clearinghouse\/establezca-su-programa\/hace-negocios-como-dbanombre-ficticio\/","title":{"rendered":"Hace Negocios Como (DBA)\/Nombre Ficticio"},"content":{"rendered":"<p>[vc_row type=&#8221;container&#8221; padding_top=&#8221;&#8221; padding_bottom=&#8221;&#8221;][vc_column][vc_column_text]El nombre que el proveedor de cuidado infantil usa para realizar negocios ofrece la oportunidad para comunicar un mensaje sobre \u00e9l\/ella y su negocio. En muchas ocasiones, el nombre comercial es la primera impresi\u00f3n para los clientes potenciales.<\/p>\n<p>Si el proveedor ha establecido una empresa por cuenta propia, es aconsejable que use un nombre diferente a su nombre personal para el programa de cuidado infantil. Este \u201cnombre ficticio\u201d se debe registrar.<\/p>\n<p>De igual forma, si una sociedad an\u00f3nima, sociedad colectiva limitada, compa\u00f1\u00eda de responsabilidad limitada, sociedad general o sociedad de responsabilidad limitada realiza actividades bajo un nombre distinto de su nombre legal verdadero (un nombre distinto del que figura en su memorando\/estatuto de constituci\u00f3n), debe registrar este \u201cnombre ficticio\u201d ante el respectivo gobierno estatal.[\/vc_column_text][\/vc_column][\/vc_row][vc_row type=&#8221;container&#8221; padding_top=&#8221;&#8221; padding_bottom=&#8221;&#8221; css=&#8221;.vc_custom_1444503317323{margin-top: 10px !important;margin-bottom: 0px !important;}&#8221;][vc_column][vc_tta_accordion active_section=&#8221;0&#8243; collapsible_all=&#8221;true&#8221;][vc_tta_section title=&#8221;Operando bajo un nombre ficticio: \u201chaciendo negocios como\u201d (Doing Business As o DBA) en el Estado de Nueva York&#8221; tab_id=&#8221;1450464629567-a370135b-6011&#8243;][vc_column_text]Si una sociedad an\u00f3nima, sociedad colectiva limitada o compa\u00f1\u00eda de responsabilidad limitada realiza actividades bajo un nombre distinto de su nombre legal verdadero, se debe presentar un\u00a0<a href=\"http:\/\/www.dos.ny.gov\/forms\/corporations\/1338-f.pdf\">Certificado de Nombre \u00a0Ficticio conforme a la Secci\u00f3n 130 de la Ley Comercial General (Certificate of Assumed Name Pursuant to Section 130 of the General Business Law)<\/a>\u00a0ante el Departamento de Estado del Estado de Nueva York.<\/p>\n<p>Todas las dem\u00e1s entidades tales como sociedades generales, empresas por cuenta propia y sociedades de responsabilidad limitada presentan un <a href=\"https:\/\/www.blumberglegalforms.com\/Forms\/201.pdf\">Certificado de Nombre Ficticio\/Certificado Comercial (Formulario X-201) [Assumed Name Certificate\/Business Certificate (Form X-201)]<\/a> directamente ante la Oficina de la Secretar\u00eda del Condado en cada condado donde la entidad realiza negocios. Los formularios se pueden comprar en cualquier tienda de papeler\u00eda comercial o legal. El costo de presentaci\u00f3n var\u00eda seg\u00fan el condado.<\/p>\n<p>Un nombre ficticio no puede contener palabras tales como \u201cSociedad an\u00f3nima\u201d, \u201cIncorporada\u201d, \u201cLimitada\u201d, \u201cCompa\u00f1\u00eda de responsabilidad limitada\u201d, \u201cSociedad colectiva limitada\u201d u otras abreviaturas.<\/p>\n<p>Consulte si el nombre previsto ya est\u00e1 en uso haciendo una b\u00fasqueda en la <a href=\"http:\/\/www.dos.ny.gov\/corps\/bus_entity_search.html\">Base de datos de entidades comerciales y sociedades del Estado de Nueva York (NYS\u2019s Corporation and Business Entity Database)<\/a>.<\/p>\n<p>En la Ciudad de Nueva York:<\/p>\n<p><a href=\"http:\/\/bronxcountyclerkinfo.com\/law\/UI\/Admin\/login.aspx\">Bronx County Clerk&#8217;s Office<\/a><br \/>\n<a href=\"http:\/\/www.nycourts.gov\/courts\/2jd\/kingsclerk\/filing.shtml\">Brooklyn (Kings) County Clerk&#8217;s Office<\/a><br \/>\n<a href=\"http:\/\/www.nycourts.gov\/courts\/1jd\/supctmanh\/Business_Certificates.shtml\">Manhattan (New York) County Clerk&#8217;s Office<\/a><br \/>\n<a href=\"http:\/\/www.nycourts.gov\/COURTS\/11jd\/queensclerk\/buscertscorpvetdept.shtml\">Queens County Clerk&#8217;s Office<\/a><br \/>\n<a href=\"http:\/\/www.richmondcountyclerk.com\/index.htm\">Staten Island (Richmond) County Clerk&#8217;s Office<\/a><br \/>\nEn el caso de una sociedad an\u00f3nima, sociedad colectiva limitada o compa\u00f1\u00eda de responsabilidad limitada, el<a href=\"http:\/\/www.dos.ny.gov\/forms\/corporations\/1338-f.pdf\"> Certificado de Nombre Ficticio conforme a la Secci\u00f3n 130 de la Ley Comercial General (Certificate of Assumed Name Pursuant to Section 130 of the General Business Law)<\/a> y el cargo de presentaci\u00f3n correspondiente se debe entregar o enviar a:<\/p>\n<p>New York State Department of State<br \/>\nDivision of Corporations<br \/>\nOne Commerce Plaza<br \/>\n99 Washington Avenue<br \/>\nAlbany, NY 12231<\/p>\n<p>El cargo por presentar un Certificado de Nombre Ficticio es de <strong>$25<\/strong> adem\u00e1s de cualquier cargo adicional del condado, tal como se indica a continuaci\u00f3n. Si el proveedor desea solicitar una copia certificada de un Certificado de Nombre Ficticio, tambi\u00e9n deber\u00e1 pagar un cargo por la copia. El cargo por cada copia certificada es de <strong>$10<\/strong>. El Departamento de Estado cobra los siguientes cargos de secretar\u00eda del condado por cada condado donde una sociedad realiza negocios:<\/p>\n<ul>\n<li>$100 \u2014 por cada condado en la Ciudad de Nueva York (Condados de Bronx, Kings, Nueva York, Queens y Richmond)<\/li>\n<li>$25 \u2014 por cada condado fuera de la Ciudad de Nueva York<\/li>\n<\/ul>\n<p>No se cobran cargos de condado a compa\u00f1\u00edas de responsabilidad limitada o sociedades colectivas limitadas.<\/p>\n<p>La Divisi\u00f3n de Sociedades del Departamento de Estado acepta MasterCard, Visa, American Express (consulte \u201cPago mediante tarjeta de cr\u00e9dito\u201d para obtener m\u00e1s informaci\u00f3n), dinero en efectivo, giro bancario, cheques personales y comerciales o certificados de $500 o menos. Se recomienda no realizar pagos en efectivo cuando el Certificado de Nombre Ficticio se env\u00eda por correo.<\/p>\n<p>El proveedor puede enviar por fax el Certificado de Nombre Ficticio con el\u00a0<a href=\"http:\/\/www.dos.ny.gov\/forms\/corporations\/1515-f-l.pdf\">Formulario de autorizaci\u00f3n de tarjeta de cr\u00e9dito\/d\u00e9bito (Credit Card\/Debit Card Authorization Form)<\/a> y una solicitud por escrito para obtener una copia certificada a la Divisi\u00f3n de Sociedades al (518) 474-1418, si as\u00ed lo desea.<\/p>\n<p>Al presentar el Certificado de Nombre Ficticio, el Departamento de Estado emitir\u00e1 un recibo de presentaci\u00f3n oficial. El recibo de presentaci\u00f3n reflejar\u00e1 la fecha en que se present\u00f3 el Certificado de Nombre Ficticio, el nombre de la sociedad, el nombre ficticio y el detalle de los cargos que pag\u00f3. Verifique la informaci\u00f3n del recibo para asegurarse de que la informaci\u00f3n se haya registrado correctamente. El recibo es su comprobante de presentaci\u00f3n y debe mantenerse en un lugar seguro, debido a que el Departamento de Estado no emite recibos de presentaci\u00f3n duplicados en reemplazo de aquellos extraviados o da\u00f1ados. Adem\u00e1s, la ley exige exhibir una copia certificada de la presentaci\u00f3n en las instalaciones donde se realiza el negocio bajo el nombre ficticio.<\/p>\n<p>Un proveedor de cuidado infantil familiar puede solicitar dos copias adicionales: una para el Departamento de Salud e Higiene Mental o DOHMH y otra si desea tener una cuenta bancaria donde use el nombre ficticio. Incluso si una persona opera bajo una estructura de una empresa por cuenta propia sin un nombre ficticio, se recomienda mantener las cuentas comerciales y personales por separado. Lea m\u00e1s acerca de mantener las cuentas por separado <a href=\"https:\/\/www.chcfinc.org\/clearinghouse\/managing-your-program\/record-keeping-taxes\/\">aqu\u00ed<\/a>.[\/vc_column_text][\/vc_tta_section][\/vc_tta_accordion][\/vc_column][\/vc_row][vc_row type=&#8221;container&#8221; padding_top=&#8221;&#8221; padding_bottom=&#8221;&#8221;][vc_column][vc_column_text]<\/p>\n<h2>RECURSOS y ENLACES<\/h2>\n<p><a href=\"http:\/\/www.dos.ny.gov\/corps\/assdnmins.html\" target=\"_blank\" rel=\"noopener\">New York State: DBA (Corporations, Limited Partnerships, and LLCs)<\/a><\/p>\n<p>New York City: DBA (sole proprietorships and general partnerships)<br \/>\n<a href=\"http:\/\/bronxcountyclerkinfo.com\/law\/UI\/Admin\/login.aspx\" target=\"_blank\" rel=\"noopener\">Bronx County Clerk&#8217;s Office<\/a><br \/>\n<a href=\"http:\/\/www.nycourts.gov\/courts\/2jd\/kingsclerk\/filing.shtml\" target=\"_blank\" rel=\"noopener\">Brooklyn (Kings) County Clerk&#8217;s Office<\/a><br \/>\n<a href=\"http:\/\/www.nycourts.gov\/courts\/1jd\/supctmanh\/Business_Certificates.shtml\" target=\"_blank\" rel=\"noopener\">Manhattan (New York) County Clerk&#8217;s Office<\/a><br \/>\n<a href=\"http:\/\/www.nycourts.gov\/COURTS\/11jd\/queensclerk\/buscertscorpvetdept.shtml\" target=\"_blank\" rel=\"noopener\">Queens County Clerk&#8217;s Office<\/a><br \/>\n<a href=\"http:\/\/www.richmondcountyclerk.com\/index.htm\" target=\"_blank\" rel=\"noopener\">Staten Island (Richmond) County Clerk&#8217;s Office<\/a>[\/vc_column_text][\/vc_column][\/vc_row]<\/p>\n","protected":false},"excerpt":{"rendered":"<p>[vc_row type=&#8221;container&#8221; padding_top=&#8221;&#8221; padding_bottom=&#8221;&#8221;][vc_column][vc_column_text]El nombre que el proveedor de cuidado infantil usa para realizar negocios ofrece la oportunidad para comunicar un mensaje sobre \u00e9l\/ella y su negocio. En muchas ocasiones, el nombre comercial es la primera impresi\u00f3n para los clientes potenciales. Si el proveedor ha establecido una empresa por cuenta propia, es aconsejable que use [&hellip;]<\/p>\n","protected":false},"author":1,"featured_media":0,"parent":72358,"menu_order":5,"comment_status":"closed","ping_status":"closed","template":"","meta":{"_acf_changed":false,"jetpack_post_was_ever_published":false,"footnotes":""},"class_list":["post-72401","page","type-page","status-publish","hentry"],"acf":[],"jetpack_sharing_enabled":true,"jetpack_shortlink":"https:\/\/wp.me\/P6XtFU-iPL","_links":{"self":[{"href":"https:\/\/www.chcfinc.org\/clearinghouse\/wp-json\/wp\/v2\/pages\/72401","targetHints":{"allow":["GET"]}}],"collection":[{"href":"https:\/\/www.chcfinc.org\/clearinghouse\/wp-json\/wp\/v2\/pages"}],"about":[{"href":"https:\/\/www.chcfinc.org\/clearinghouse\/wp-json\/wp\/v2\/types\/page"}],"author":[{"embeddable":true,"href":"https:\/\/www.chcfinc.org\/clearinghouse\/wp-json\/wp\/v2\/users\/1"}],"replies":[{"embeddable":true,"href":"https:\/\/www.chcfinc.org\/clearinghouse\/wp-json\/wp\/v2\/comments?post=72401"}],"version-history":[{"count":10,"href":"https:\/\/www.chcfinc.org\/clearinghouse\/wp-json\/wp\/v2\/pages\/72401\/revisions"}],"predecessor-version":[{"id":73038,"href":"https:\/\/www.chcfinc.org\/clearinghouse\/wp-json\/wp\/v2\/pages\/72401\/revisions\/73038"}],"up":[{"embeddable":true,"href":"https:\/\/www.chcfinc.org\/clearinghouse\/wp-json\/wp\/v2\/pages\/72358"}],"wp:attachment":[{"href":"https:\/\/www.chcfinc.org\/clearinghouse\/wp-json\/wp\/v2\/media?parent=72401"}],"curies":[{"name":"wp","href":"https:\/\/api.w.org\/{rel}","templated":true}]}}