{"id":72390,"date":"2017-01-18T12:06:51","date_gmt":"2017-01-18T17:06:51","guid":{"rendered":"https:\/\/www.chcfinc.org\/clearinghouse\/establezca-su-programa\/contrato-y-politicas\/"},"modified":"2017-10-03T11:10:50","modified_gmt":"2017-10-03T15:10:50","slug":"contrato-y-politicas","status":"publish","type":"page","link":"https:\/\/www.chcfinc.org\/clearinghouse\/establezca-su-programa\/contrato-y-politicas\/","title":{"rendered":"Contrato y Pol\u00edticas"},"content":{"rendered":"<p>[vc_row type=&#8221;container&#8221; padding_top=&#8221;&#8221; padding_bottom=&#8221;&#8221; css=&#8221;.vc_custom_1445096332217{margin-bottom: 0px !important;}&#8221;][vc_column css=&#8221;.vc_custom_1444995272036{margin-bottom: 35px !important;}&#8221;][vc_column_text]Los contratos y las pol\u00edticas cumplen el prop\u00f3sito de aclarar las expectativas y responsabilidades y evitan posibles malentendidos y conflictos. No existe una norma definida acerca de lo que se debe incluir en los contratos y las pol\u00edticas. Sin embargo, si consideramos la naturaleza exigente y altamente regulada del cuidado infantil, es extremadamente importante aclarar las expectativas y responsabilidades entre usted y sus empleados; y entre usted y los padres.<\/p>\n<p>El uso de contratos y pol\u00edticas tambi\u00e9n denota profesionalismo. No todos comprenden que los proveedores de cuidado infantil familiar est\u00e1n suministrando un servicio profesional; poco se sabe acerca de la capacitaci\u00f3n que se debe realizar, los requisitos de educaci\u00f3n continua y las distintas maneras en que el cuidado infantil familiar ayuda al crecimiento y desarrollo infantil.<\/p>\n<p>Los contratos y las pol\u00edticas tambi\u00e9n presentan la oportunidad de transmitir un mensaje sobre usted y su programa; es decir, tambi\u00e9n se pueden percibir como otra herramienta de marketing.[\/vc_column_text][\/vc_column][\/vc_row][vc_row type=&#8221;container&#8221; padding_top=&#8221;&#8221; padding_bottom=&#8221;&#8221;][vc_column][vc_tta_accordion active_section=&#8221;0&#8243; collapsible_all=&#8221;true&#8221;][vc_tta_section title=&#8221;Empleados: Establecer un acuerdo de empleo \u201ca voluntad\u201d frente a un contrato empleador\/empleado&#8221; tab_id=&#8221;1447810910330-63debfce-d9fd&#8221;][vc_column_text]<\/p>\n<h3>\u00bfCu\u00e1l es la diferencia?<\/h3>\n<h4>Empleo a voluntad<\/h4>\n<p>Un contrato de empleo donde el empleado puede renunciar en cualquier momento, y el empleador puede despedir al empleado por cualquier motivo que no sea ilegal. Por ejemplo, un empleador puede despedir a un empleado a voluntad por desempe\u00f1o insuficiente o para recortar gastos. Aunque ser\u00eda ilegal despedir a un empleado a voluntad por:<\/p>\n<ul>\n<li>razones de discriminaci\u00f3n (raza, sexo, religi\u00f3n, origen \u00e9tnico, nacionalidad, discapacidad, actividades pol\u00edticas\/recreativas ajenas al trabajo, uso legal de productos de consumo fuera del trabajo, o afiliaci\u00f3n sindical); o<\/li>\n<li>tomar represalias contra el empleado por informar un caso de acoso, negligencia o violaci\u00f3n de una norma de licencia de cuidado infantil, o porque el empleado ha ejercido un derecho legal.<\/li>\n<\/ul>\n<p>Si bien el contrato del proveedor puede estipular que desea que el empleado lo notifique, el empleado no est\u00e1 obligado a hacerlo.<\/p>\n<h4>Contrato empleador\/empleado (empleo contractual)<\/h4>\n<p>Un contrato de empleo donde el empleado y la capacidad para terminar la relaci\u00f3n laboral est\u00e1n limitadas por los t\u00e9rminos del contrato. Adem\u00e1s, este tipo de contrato puede crear derechos imprevistos para el empleado.<\/p>\n<p>Tom Copeland, un l\u00edder experto en negocios de cuidado infantil recomienda lo siguiente: \u201cal elaborar o revisar su manual de empleado:<\/p>\n<p>1) Incluir en su manual el siguiente texto: \u201cEste es un contrato de empleo \u2018a voluntad\u2019. Yo, como empleador, puedo despedirlo por cualquier motivo en cualquier momento y usted, como empleado, puede renunciar en cualquier momento\u201d.<\/p>\n<p>2) No detallar las condiciones bajo las cuales un empleado puede ser despedido (\u201cEl empleado puede ser despedido bajo las siguientes condiciones&#8230;\u201d). Esto puede interpretarse como la creaci\u00f3n de limitaciones en su capacidad para despedir a un empleado.<\/p>\n<p>3) No especificar un per\u00edodo de tiempo en su manual (\u201cEste acuerdo tendr\u00e1 una vigencia de seis meses\/un a\u00f1o\u201d). No establecer un per\u00edodo de prueba. Debe mantener la capacidad de despedir a alguien en cualquier momento.<\/p>\n<p>4) Pedirle al empleado que firme el manual donde reconoce que es un empleado \u201ca voluntad\u201d. Entr\u00e9guele una copia\u201d.<\/p>\n<p>Fuentes:<br \/>\n<a href=\"http:\/\/tomcopelandblog.com\/is-your-employee-contract-at-will\">http:\/\/tomcopelandblog.com\/is-your-employee-contract-at-will<\/a><br \/>\n<a href=\"http:\/\/labor.ny.gov\/workerprotection\/laborstandards\/faq.shtm#13\">http:\/\/labor.ny.gov\/workerprotection\/laborstandards\/faq.shtm#13<\/a>[\/vc_column_text][\/vc_tta_section][vc_tta_section title=&#8221;Contrato y Manual del Pol\u00edticas del empleado &#8221; tab_id=&#8221;1447810910522-9f9b2474-8dc1&#8243;][vc_column_text]<\/p>\n<h3><strong>Por qu\u00e9 se recomienda elaborar un contrato y un manual de pol\u00edticas:<\/strong><\/h3>\n<p>Si consideramos la naturaleza exigente y altamente regulada del cuidado infantil, es extremadamente importante que el proveedor y sus empleados sean claros acerca de las expectativas y responsabilidades. La creaci\u00f3n de un contrato de empleo y un manual de pol\u00edticas servir\u00eda este prop\u00f3sito y ayudar\u00eda al proveedor a evitar malentendidos y conflictos m\u00e1s adelante.<\/p>\n<p>Asimismo, la salud y seguridad de los ni\u00f1os, adem\u00e1s de la de los empleados y la del proveedor, pueden variar en gran medida seg\u00fan se tenga un adecuado entendimiento del \u00e1mbito de trabajo, las pol\u00edticas y los procedimientos desarrollados.<\/p>\n<h3><strong>Contrato del empleado<\/strong><\/h3>\n<p>No existe una norma definida acerca de lo que se debe incluir en los documentos escritos. Algunas recomendaciones en cuanto a lo que se puede incluir son las siguientes:<\/p>\n<ul>\n<li>nombre y direcci\u00f3n del negocio y el nuevo empleado, detalles del salario<\/li>\n<li>beneficios, si los hubiera;<\/li>\n<li>vacaciones remuneradas, si las hubiera;<\/li>\n<li>d\u00edas de licencia por enfermedad, si los hubiera;<\/li>\n<li>una suscripci\u00f3n donde el empleado indica (a trav\u00e9s de su firma o sus iniciales) que ha recibido y le\u00eddo la descripci\u00f3n del empleo y que la entiende y acepta;<\/li>\n<li>una suscripci\u00f3n donde el empleado indica (a trav\u00e9s de su firma o sus iniciales) que ha recibido y le\u00eddo el manual de pol\u00edticas del empleado y que lo entiende y acepta;<\/li>\n<li>indicar que \u201ceste es un acuerdo de empleo \u2018a voluntad\u2019\u201d,\u00a0<a href=\"https:\/\/www.chcfinc.org\/clearinghouse\/managing-your-program\/contracts-policies\/#1447810910330-63debfce-d9fd\">Establecer un contrato de empleo a \u201ca voluntad\u201d frente a un contrato<\/a> empleador\/empleado, etc.<\/li>\n<\/ul>\n<p>Una descripci\u00f3n del trabajo, junto con los detalles que se incluyen anteriormente y a continuaci\u00f3n, se debe cubrir como parte del proceso de reclutamiento y contrataci\u00f3n.<\/p>\n<p>Para obtener informaci\u00f3n acerca del salario m\u00ednimo de su estado, haga clic <a href=\"http:\/\/www.dol.gov\/whd\/minwage\/america.htm\">aqu\u00ed.<\/a><\/p>\n<p>De acuerdo con la Ley del Trabajo del Estado de Nueva York, no se exige un pago por el tiempo que realmente no se trabaj\u00f3 a menos que el empleador haya establecido una pol\u00edtica para otorgar dicha remuneraci\u00f3n. Los feriados, el tiempo de ausencia por enfermedad y las vacaciones se sit\u00faan dentro de la categor\u00eda de \u201ctiempo no trabajado\u201d. Cuando un empleador decide crear una pol\u00edtica de beneficios, dicho empleador es libre de imponer las condiciones que desee. Vea <a href=\"http:\/\/labor.ny.gov\/workerprotection\/laborstandards\/faq.shtm#9\">Departamento de Trabajo del Estado de Nueva York (NYS DOL)Salarios y Horas: Preguntas frecuentes.<\/a><\/p>\n<h3><strong>Manual de pol\u00edticas del empleado<\/strong><\/h3>\n<p>Algunas recomendaciones en cuanto a lo que se puede incluir:<\/p>\n<ul>\n<li><strong>Pol\u00edticas en lo que respecta a:<\/strong>\n<ul>\n<li>horas de trabajo<\/li>\n<li>horarios<\/li>\n<li>asistencia<\/li>\n<li>puntualidad y<\/li>\n<li>ausencias<\/li>\n<\/ul>\n<\/li>\n<li>detalles acerca del proceso de evaluaci\u00f3n del personal<\/li>\n<li>pol\u00edtica de privacidad\/confidencialidad<\/li>\n<li>pol\u00edtica de orientaci\u00f3n sobre cuidado infantil<\/li>\n<li>c\u00f3digo de vestimenta<\/li>\n<li>procedimientos de emergencia, etc.<\/li>\n<\/ul>\n<p>El proveedor debe explicar claramente que se realizar\u00e1n las deducciones necesarias para los impuestos federales y estatales.<\/p>\n<p>Adem\u00e1s, deber\u00e1 incluir las obligaciones legales de la compa\u00f1\u00eda en lo referente al pago de horas extras, informaci\u00f3n sobre cronogramas de pago, revisiones de desempe\u00f1o y aumentos de salario, registro del tiempo, descansos y compensaci\u00f3n en bonos. Conozca m\u00e1s en\u00a0<a href=\"http:\/\/www.dol.gov\/compliance\/audience\/smallbus.htm\">Departamento de Trabajo de EE.UU.<\/a>:<a href=\"http:\/\/www.dol.gov\/compliance\/audience\/smallbus.htm\"> Legislaci\u00f3n laboral para peque\u00f1as y nuevas empresas.<\/a><\/p>\n<p>Independientemente de la naturaleza del arreglo, el contrato de empleo se debe firmar antes de que el empleado empiece a trabajar.<\/p>\n<p>Recurso y enlace:<br \/>\n<a href=\"http:\/\/tomcopelandblog.com\/is-your-employee-contract-at-will\">http:\/\/tomcopelandblog.com\/is-your-employee-contract-at-will<\/a><br \/>\n<a href=\"https:\/\/www.rocketlawyer.com\/document\/employment-contract.rl\">https:\/\/www.rocketlawyer.com\/document\/employment-contract.rl<\/a>[\/vc_column_text][\/vc_tta_section][vc_tta_section title=&#8221;Contrato para Padres &#8221; tab_id=&#8221;1447811470895-ece5a453-8ed6&#8243;][vc_column_text]Debido a que no existe una norma definida acerca de lo que se debe incluir en los documentos escritos, el proveedor ser\u00e1 quien determine lo que desea incluir en el contrato para padres.<\/p>\n<p>Generalmente, el contrato incluye lo siguiente:<\/p>\n<ul>\n<li>nombre y direcci\u00f3n de su negocio y de los padres<\/li>\n<li>nombres y fechas de nacimiento de los ni\u00f1os<\/li>\n<li>d\u00edas y horarios en que cada ni\u00f1o asistir\u00e1 al programa<\/li>\n<li>d\u00edas feriados en los que el programa est\u00e9 cerrado<\/li>\n<li>dep\u00f3sitos (pagos por adelantado)<\/li>\n<li>cargo de retenci\u00f3n no reembolsable<\/li>\n<li>fechas de pago<\/li>\n<li>m\u00e9todos de pago aceptables<\/li>\n<li>cargos por pagos devueltos<\/li>\n<li>cargos por mora<\/li>\n<li>una suscripci\u00f3n donde el padre indica (a trav\u00e9s de su firma o sus iniciales) que ha recibido y le\u00eddo el manual de pol\u00edticas para padres y que lo entiende y acepta<\/li>\n<li>proceso para rescindir el contrato<\/li>\n<\/ul>\n<p>Por lo general, los pagos se cobran cada viernes por el cuidado de la semana que acaba de terminar o por el cuidado que se brindar\u00e1 a partir del siguiente lunes. El cobro por adelantado reduce la posibilidad de que el proveedor no reciba el pago por los servicios prestados.<\/p>\n<p>Los dep\u00f3sitos (pagos por adelantado) pueden servir como una protecci\u00f3n contra la falta de pago. El rango es de una a dos semanas, pero esto puede ser dif\u00edcil para algunos padres. Una opci\u00f3n que el proveedor puede ofrecer a los padres es que lo paguen en incrementos durante las primeras semanas en que su(s) hijos(s) est\u00e1n bajo su cuidado.<\/p>\n<p>El proveedor puede tambi\u00e9n considerar un \u201ccargo de retenci\u00f3n no reembolsable\u201d, que se aplicar\u00e1 a las \u00faltimas dos semanas de cuidado. Asimismo, se recomienda que especifique a los padres que deben proporcionar un aviso con dos semanas de antelaci\u00f3n si desean rescindir el contrato. De esta manera, se entiende que el pago no ser\u00e1 devuelto.<\/p>\n<p>El proveedor deber\u00e1 determinar la pol\u00edtica en cuanto al recibo de pagos mediante cheque personal; y los cargos, si los hubiera, en caso de que un cheque sea devuelto por fondos insuficientes. Las multas com\u00fanmente se imponen no solamente al pagador, sino tambi\u00e9n al receptor del pago.<\/p>\n<p>Debido a que los proveedores de cuidado infantil familiar generalmente son mujeres con familias, son sumamente emp\u00e1ticos a los desaf\u00edos de cuidar a una familia. Por consiguiente, los proveedores de cuidado infantil familiar a menudo se encuentran a s\u00ed mismos siendo muy condescendientes con los padres: renunciando a los cargos por recoger tarde a los ni\u00f1os, eliminando cargos de retenci\u00f3n o dep\u00f3sito, continuando el cuidado del ni\u00f1o mientras el padre est\u00e1 atrasado con los pagos, etc.<\/p>\n<p>Sin embargo, los padres pueden interpretar que estos gestos de bondad significan que el contrato ya no est\u00e1 vigente. A fin de evitar esta malinterpretaci\u00f3n, el proveedor puede incluir la siguiente expresi\u00f3n en su contrato: \u201cEl hecho de no exigir la ejecuci\u00f3n de cualquier t\u00e9rmino o disposici\u00f3n de este contrato no invalida dicha disposici\u00f3n, condici\u00f3n u otra disposici\u00f3n o t\u00e9rmino de este contrato\u201d.<\/p>\n<p>Conozca m\u00e1s acerca de <a href=\"https:\/\/www.chcfinc.org\/clearinghouse\/managing-your-program\/maximizing-your-revenue\/\">maximizar los resultados aqu\u00ed.<\/a><\/p>\n<p>Nota: Tenga en cuenta que un padre no puede aceptar perder su derecho a entablar una demanda contra el proveedor o su negocio. Para conocer m\u00e1s sobre este tema, escuche el Podcast de Tom Copeland: <a href=\"http:\/\/tomcopelandblog.com\/tom-copeland-podcast-will-liability-waivers-protect-you\">\u00bfLa exenci\u00f3n de responsabilidad lo proteger\u00e1? (Will Liability Waivers Protect You?)<\/a><\/p>\n<p>Recurso y enlace:<br \/>\n<a href=\"http:\/\/tomcopelandblog.com\/how-would-you-handle-this-situation-a-parent-enrolled-two-children-into-a-minnesota-family-child-care-providers-program-and\">http:\/\/tomcopelandblog.com\/how-would-you-handle-this-situation-a-parent-enrolled-two-children-into-a-minnesota-family-child-care-providers-program-and<\/a>[\/vc_column_text][\/vc_tta_section][vc_tta_section title=&#8221;Contrato para padres &#8221; tab_id=&#8221;1447811563265-85b8cc6f-567b&#8221;][vc_column_text]Los padres son los socios esenciales del programa del proveedor. Una relaci\u00f3n construida sobre la comunicaci\u00f3n y la confianza les permitir\u00e1n al proveedor y a su personal trabajar con las familias con el fin de brindar el mejor cuidado a cada uno de los ni\u00f1os inscritos en el programa.<\/p>\n<p>Existen distintas maneras en las que se puede impulsar una relaci\u00f3n positiva con un padre y la primera impresi\u00f3n casi siempre \u00a0es la que perdura.<\/p>\n<p>El manual de pol\u00edticas del proveedor puede formar esta primera impresi\u00f3n perfectamente. El solo hecho de tener un manual de pol\u00edticas demuestra profesionalismo y promueve la confianza y el respeto. Este manual de pol\u00edticas debe ser consistente con todos los dem\u00e1s documentos, folletos, tarjetas comerciales, etc.<\/p>\n<p>Tenga en cuenta que el manual de pol\u00edticas puede ser abrumador, tanto para el padre como para el proveedor. El manual de pol\u00edticas debe ser muy detallado y debe cubrir cada caracter\u00edstica del programa, as\u00ed como los procedimientos de emergencia y administrativos.<\/p>\n<p>La postulaci\u00f3n para obtener el registro\/licencia del Estado de Nueva York b\u00e1sicamente puede ser considerada como un manual de pol\u00edticas.<\/p>\n<p>Con el fin de hacer que el manual de pol\u00edticas sea menos abrumador para el lector, el proveedor puede:<\/p>\n<ul>\n<li>ser m\u00e1s preciso en la redacci\u00f3n;<\/li>\n<li>seleccionar fuentes que sean legibles;<\/li>\n<li>incluir una p\u00e1gina de portada con el nombre del programa, el logotipo y la marca; e<\/li>\n<li>imprimirlo en formato de folleto.<\/li>\n<\/ul>\n<p><strong>\u00c1reas a cubrir:<\/strong><\/p>\n<ul>\n<li>bienvenida<\/li>\n<li>filosof\u00eda del programa<\/li>\n<li>certificaciones del proveedor (y certificaciones de su empleado)\n<ul>\n<li>registrado\/autorizado<\/li>\n<li>capacitaciones cursadas<\/li>\n<li>condici\u00f3n de Asociado en Desarrollo del Ni\u00f1o (Child Development Associate o CDA)<\/li>\n<\/ul>\n<\/li>\n<li>proceso de inscripci\u00f3n\n<ul>\n<li>historial m\u00e9dico (examen f\u00edsico y vacunas actualizadas)<\/li>\n<li>nombres de las personas que pueden dejar y recoger al o los ni\u00f1os<\/li>\n<li>contactos de emergencia<\/li>\n<li>contrato para padres firmado<\/li>\n<li>elementos que deben suministrar los padres (p. ej., muda de ropa, pa\u00f1ales, toallitas, leche maternizada, etc.)<\/li>\n<li>per\u00edodo de prueba<\/li>\n<\/ul>\n<\/li>\n<li>horario de operaci\u00f3n (aunque el Contrato para padres determina en qu\u00e9 horario se cuidar\u00e1 a un ni\u00f1o)<\/li>\n<li>pol\u00edtica en caso de que se deje a los ni\u00f1os m\u00e1s temprano<\/li>\n<li>pol\u00edtica en caso de que se recoja a los ni\u00f1os m\u00e1s tarde<\/li>\n<li>pol\u00edtica de pago<\/li>\n<li>dep\u00f3sitos y cargos de retenci\u00f3n no reembolsables<\/li>\n<li>pagos por mora<\/li>\n<li>visitas al programa<\/li>\n<li>vacaciones<\/li>\n<li>otras ausencias<\/li>\n<li>rutina diaria\n<ul>\n<li>programa<\/li>\n<li>actividades<\/li>\n<li>comidas<\/li>\n<li>siestas<\/li>\n<li>juego al aire libre<\/li>\n<\/ul>\n<\/li>\n<li>pol\u00edtica de entrenamiento para usar el ba\u00f1o<\/li>\n<li>manejo de la conducta<\/li>\n<li>da\u00f1os a la propiedad<\/li>\n<li>mascotas, si las hubiera<\/li>\n<li>pol\u00edtica de cumplea\u00f1os<\/li>\n<li>excursiones, si las hubiera<\/li>\n<li>pol\u00edtica de fotograf\u00edas\/videos<\/li>\n<li>plan de salud<\/li>\n<li>denunciante obligatorio<\/li>\n<li>plan de emergencia: evacuaci\u00f3n\/reubicaci\u00f3n (versi\u00f3n abreviada)<\/li>\n<li>plan de emergencia: plan de refugio en el lugar (versi\u00f3n abreviada)<\/li>\n<li>rescisi\u00f3n del contrato<\/li>\n<li>contrato para padres firmado<\/li>\n<\/ul>\n<p>Recursos y enlaces:<br \/>\n<a href=\"http:\/\/www.thinksmall.org\/for_early_childhood_professionals\/contracts_and_policies\">http:\/\/www.thinksmall.org\/for_early_childhood_professionals\/contracts_and_policies<\/a>[\/vc_column_text][\/vc_tta_section][\/vc_tta_accordion][\/vc_column][\/vc_row][vc_row type=&#8221;container&#8221; padding_top=&#8221;&#8221; padding_bottom=&#8221;&#8221;][vc_column][vc_column_text]<\/p>\n<h2>RECURSOS y ENLACES<\/h2>\n<p><a href=\"http:\/\/www.nolo.com\/legal-encyclopedia\/contracts-basics-33367.html\" target=\"_blank\" rel=\"noopener\">NOLO \u2013 Contracts: The Basics<\/a><br \/>\n<a href=\"http:\/\/www.firstchildrensfinance.org\/businessresourcecenter\/family-2\/contracts-policies\/contracts-policies-%E2%80%93-knowledge\/\" target=\"_blank\" rel=\"noopener\">First Children\u2019s Finance &#8211; Business Resource Center: Contracts &amp; Policies<\/a><br \/>\n<a href=\"http:\/\/www.childcarelounge.com\/printables\/printable-forms.php\" target=\"_blank\" rel=\"noopener\">Child Care Lounge<\/a><br \/>\n<a href=\"http:\/\/www.thedaycarelady.com\/form2.htm\" target=\"_blank\" rel=\"noopener\">The Day Care Lady<\/a>[\/vc_column_text][\/vc_column][\/vc_row]<\/p>\n","protected":false},"excerpt":{"rendered":"<p>[vc_row type=&#8221;container&#8221; padding_top=&#8221;&#8221; padding_bottom=&#8221;&#8221; css=&#8221;.vc_custom_1445096332217{margin-bottom: 0px !important;}&#8221;][vc_column css=&#8221;.vc_custom_1444995272036{margin-bottom: 35px !important;}&#8221;][vc_column_text]Los contratos y las pol\u00edticas cumplen el prop\u00f3sito de aclarar las expectativas y responsabilidades y evitan posibles malentendidos y conflictos. No existe una norma definida acerca de lo que se debe incluir en los contratos y las pol\u00edticas. Sin embargo, si consideramos la naturaleza exigente y [&hellip;]<\/p>\n","protected":false},"author":1,"featured_media":0,"parent":72358,"menu_order":7,"comment_status":"closed","ping_status":"closed","template":"","meta":{"_acf_changed":false,"jetpack_post_was_ever_published":false,"footnotes":""},"class_list":["post-72390","page","type-page","status-publish","hentry"],"acf":[],"jetpack_sharing_enabled":true,"jetpack_shortlink":"https:\/\/wp.me\/P6XtFU-iPA","_links":{"self":[{"href":"https:\/\/www.chcfinc.org\/clearinghouse\/wp-json\/wp\/v2\/pages\/72390","targetHints":{"allow":["GET"]}}],"collection":[{"href":"https:\/\/www.chcfinc.org\/clearinghouse\/wp-json\/wp\/v2\/pages"}],"about":[{"href":"https:\/\/www.chcfinc.org\/clearinghouse\/wp-json\/wp\/v2\/types\/page"}],"author":[{"embeddable":true,"href":"https:\/\/www.chcfinc.org\/clearinghouse\/wp-json\/wp\/v2\/users\/1"}],"replies":[{"embeddable":true,"href":"https:\/\/www.chcfinc.org\/clearinghouse\/wp-json\/wp\/v2\/comments?post=72390"}],"version-history":[{"count":24,"href":"https:\/\/www.chcfinc.org\/clearinghouse\/wp-json\/wp\/v2\/pages\/72390\/revisions"}],"predecessor-version":[{"id":73017,"href":"https:\/\/www.chcfinc.org\/clearinghouse\/wp-json\/wp\/v2\/pages\/72390\/revisions\/73017"}],"up":[{"embeddable":true,"href":"https:\/\/www.chcfinc.org\/clearinghouse\/wp-json\/wp\/v2\/pages\/72358"}],"wp:attachment":[{"href":"https:\/\/www.chcfinc.org\/clearinghouse\/wp-json\/wp\/v2\/media?parent=72390"}],"curies":[{"name":"wp","href":"https:\/\/api.w.org\/{rel}","templated":true}]}}