{"id":72377,"date":"2017-01-18T11:56:39","date_gmt":"2017-01-18T16:56:39","guid":{"rendered":"https:\/\/www.chcfinc.org\/clearinghouse\/establezca-su-programa\/enlaces-de-estructura-del-negocio\/"},"modified":"2017-10-03T11:02:16","modified_gmt":"2017-10-03T15:02:16","slug":"estructura-del-negocio","status":"publish","type":"page","link":"https:\/\/www.chcfinc.org\/clearinghouse\/establezca-su-programa\/estructura-del-negocio\/","title":{"rendered":"Enlaces de la Estructura del Negocio"},"content":{"rendered":"<p>[vc_row type=&#8221;container&#8221; padding_top=&#8221;&#8221; padding_bottom=&#8221;&#8221;][vc_column css=&#8221;.vc_custom_1444995043702{margin-bottom: 35px !important;}&#8221;][vc_column_text]La estructura del negocio se define como la manera en que un negocio est\u00e1 organizado. La estructura del negocio identifica qui\u00e9n es el propietario de la compa\u00f1\u00eda, c\u00f3mo se distribuyen las ganancias y qu\u00e9 gerente desempe\u00f1a cu\u00e1l trabajo.<\/p>\n<p>En Estados Unidos, las tres estructuras de negocio reconocidas por el IRS son: <strong>Empresa por cuenta propia, Sociedad colectiva,<\/strong> y <strong>Sociedad an\u00f3nima<\/strong>. Otras estructuras que tienen importancia legal, pero no por efectos fiscales, incluyen: <strong>Sociedad con responsabilidad limitada, Sociedad an\u00f3nima calificada de acuerdo con el subcap\u00edtulo S,<\/strong> y <strong>Sociedad an\u00f3nima.<\/strong><\/p>\n<p>El tratamiento fiscal y el manejo de riesgos son las principales preocupaciones al seleccionar una estructura de negocio. Generalmente, los proveedores de cuidado infantil familiar no disponen de ahorros significativos para formar una compa\u00f1\u00eda de responsabilidad limitada (Limited Liability Company o LLC) o una sociedad colectiva.<\/p>\n<p>La protecci\u00f3n de la responsabilidad personal que se obtiene de una estructura de LLC, sociedad colectiva o sociedad an\u00f3nima no es del 100%. Si el proveedor comete una negligencia y un ni\u00f1o resulta herido o si es acusado de abuso infantil, no necesariamente estar\u00e1 protegido.<\/p>\n<p>Recursos y enlaces:<\/p>\n<p><a href=\"http:\/\/financial-dictionary.thefreedictionary.com\/Business+Structure\">Business Structure. (n.d.) Farlex Financial Dictionary. (2012). Recuperado 15 de diciembre, 2016\u00a0<\/a>[\/vc_column_text][\/vc_column][\/vc_row][vc_row type=&#8221;container&#8221; padding_top=&#8221;&#8221; padding_bottom=&#8221;&#8221;][vc_column][vc_tta_accordion active_section=&#8221;0&#8243; collapsible_all=&#8221;true&#8221;][vc_tta_section title=&#8221;Seleccionar una estructura de negocio: Empresa por cuenta propia&#8221; tab_id=&#8221;1483723232462-c33e629d-f44f&#8221;][vc_column_text]Los principales factores que impulsan una decisi\u00f3n son la responsabilidad de los propietarios y el tratamiento fiscal. Otra consideraci\u00f3n importante es la facilidad para establecer y, sobre todo, mantener la estructura del negocio. La incapacidad para cumplir los procedimientos legalmente impuestos resultar\u00e1 en la p\u00e9rdida de la protecci\u00f3n de la responsabilidad personal.<\/p>\n<h3><strong>Responsabilidad de los propietarios<\/strong><\/h3>\n<p><strong>Empresa por cuenta propia<\/strong>: el propietario tiene responsabilidad ilimitada de las obligaciones del negocio.<\/p>\n<h3><strong>Seguro<\/strong><\/h3>\n<p><strong>Empresa por cuenta propia<\/strong>: el negocio de cuidado infantil puede ser riesgoso.\u00a0\u00a0\u00a0\u00a0\u00a0\u00a0\u00a0\u00a0\u00a0\u00a0\u00a0\u00a0\u00a0\u00a0\u00a0\u00a0\u00a0\u00a0\u00a0\u00a0\u00a0\u00a0\u00a0\u00a0\u00a0\u00a0\u00a0\u00a0\u00a0\u00a0\u00a0\u00a0\u00a0\u00a0\u00a0\u00a0\u00a0\u00a0\u00a0\u00a0\u00a0\u00a0\u00a0\u00a0\u00a0\u00a0\u00a0\u00a0\u00a0\u00a0\u00a0\u00a0\u00a0\u00a0\u00a0\u00a0\u00a0\u00a0\u00a0\u00a0\u00a0\u00a0\u00a0\u00a0\u00a0\u00a0\u00a0\u00a0\u00a0\u00a0\u00a0\u00a0\u00a0 Un padre puede sufrir una lesi\u00f3n en la casa del proveedor al dejar o recoger a un ni\u00f1o; o un ni\u00f1o puede sufrir una lesi\u00f3n mientras est\u00e1 bajo el cuidado del proveedor; y el proveedor o un empleado o miembro de la familia pueden ser acusados de negligencia o abuso. Para un propietario \u00fanico, la manera m\u00e1s eficaz de proteger los bienes personales (casa, cuenta bancaria, otro) en esta instancia es obtener la\u00a0<a href=\"https:\/\/www.chcfinc.org\/clearinghouse\/managing-your-program\/insurance-legal\/\">cobertura de un seguro<\/a> adecuada.<\/p>\n<h3><strong>Tratamiento fiscal<\/strong><\/h3>\n<p><strong>Empresa por cuenta propia<\/strong>: la entidad no est\u00e1 sujeta a impuestos, todos los ingresos y p\u00e9rdidas son transferidos al propietario. Los propietarios informan todos los ingresos, p\u00e9rdidas y gastos con un Anexo C y el Formulario est\u00e1ndar 1040. El \u201cimporte del resultado\u201d del Anexo C se traslada a la declaraci\u00f3n de impuestos del propietario. Es responsabilidad del propietario retener y pagar todos los impuestos a las ganancias, incluido el impuesto de trabajo por cuenta propia y estimado. Puede encontrar m\u00e1s informaci\u00f3n sobre impuestos <a href=\"https:\/\/www.chcfinc.org\/clearinghouse\/managing-your-program\/record-keeping-taxes\/\">aqu\u00ed<\/a>.<\/p>\n<h3><strong>Facilidad para mantener y establecer el negocio<\/strong><\/h3>\n<p><strong>Empresa por cuenta propia<\/strong>: es la estructura de negocio m\u00e1s f\u00e1cil de establecer y mantener. Una empresa por cuenta propia se puede abrir y operar sin ning\u00fan procedimiento formal de organizaci\u00f3n u operaci\u00f3n. Si bien no se requiere presentaci\u00f3n ante el estado, se deben obtener todas las licencias\/registros adecuados. Adem\u00e1s, si un propietario desea operar usando un nombre que no es el nombre legal, la ley exige presentar un <a href=\"https:\/\/www.chcfinc.org\/clearinghouse\/establishing-your-business\/business-structure\/doing-business-as-dba-fictitious-names\/\">DBA\/Certificado de negocio<\/a> ante la respectiva Oficina de la Secretar\u00eda del Condado.<\/p>\n<p>Recursos y enlaces:<\/p>\n<ul>\n<li><a href=\"about:blank\">Business Structure Alternatives &#8211; Advs and Disadvs.docx<\/a><\/li>\n<li><a href=\"http:\/\/smallbusiness.chron.com\/difference-between-incorporated-unincorporated-businesses-57463.html\">http:\/\/smallbusiness.chron.com\/difference-between-incorporated-unincorporated-businesses-57463.html<\/a><\/li>\n<li><a href=\"https:\/\/www.legalzoom.com\/knowledge\/limited-liability-company\/topic\/llc-sole-proprietor-partnership-comparison\">https:\/\/www.legalzoom.com\/knowledge\/limited-liability-company\/topic\/llc-sole-proprietor-partnership-comparison<\/a><\/li>\n<li><a href=\"http:\/\/www.kiplinger.com\/slideshow\/taxes\/T056-S011-irs-audit-red-flags\/index.html\">http:\/\/www.kiplinger.com\/slideshow\/taxes\/T056-S011-irs-audit-red-flags\/index.html<\/a><\/li>\n<li><a href=\"http:\/\/markjkohler.com\/piercing-the-corporate-veil-and-protecting-yourself\/\">http:\/\/markjkohler.com\/piercing-the-corporate-veil-and-protecting-yourself\/<\/a><\/li>\n<\/ul>\n<p>[\/vc_column_text][\/vc_tta_section][vc_tta_section title=&#8221;Poner en marcha una empresa por cuenta propia&#8221; tab_id=&#8221;1447901487376-2e19ba8c-7cd6&#8243;][vc_column_text]No existen pasos formales para establecer una empresa por cuenta propia. Si una persona est\u00e1 realizando un negocio (comercializaci\u00f3n de bienes o servicios), es un cuentapropista. Si la actividad comercial que realiza requiere licencias o permisos, el cuentapropista ser\u00e1 responsable de obtenerlos.<\/p>\n<p>Alguien interesado en convertirse en proveedor de cuidado infantil familiar bajo una estructura comercial de empresa por cuenta propia solamente necesitar\u00e1 obtener su registro\/licencia de cuidado infantil familiar. Conozca m\u00e1s acerca del proceso para obtener el registro\/licencia de Nueva York <a href=\"https:\/\/www.chcfinc.org\/clearinghouse\/getting-started\/license-application-process\/\">aqu\u00ed<\/a>.<\/p>\n<p>Si el proveedor de cuidado infantil familiar opera usando su nombre legal, no se requieren pasos legales\/formales adicionales. Si el proveedor de cuidado infantil familiar opera usando un nombre distinto de su nombre legal (un \u201cnombre ficticio\u201d) para fines comerciales, la ley exige la presentaci\u00f3n de un <a href=\"https:\/\/www.chcfinc.org\/clearinghouse\/managing-your-program\/doing-business-as-dba-fictitious-names\/\">Certificado de nombre ficticio\/Certificado de negocio<\/a> ante la respectiva Oficina de la Secretar\u00eda del Condado.\u00a0 De no ser posible presentarlo puede traerle consecuencias no deseadas.<\/p>\n<p>(Nota: las entidades de sociedad an\u00f3nima, sociedad colectiva limitada o compa\u00f1\u00eda de responsabilidad limitada presentan el Certificado de Nombre ante el Departamento de Estado del Estado de Nueva York).[\/vc_column_text][\/vc_tta_section][vc_tta_section title=&#8221;Seleccionar una estructura de negocio: Responsabilidad limitada&#8221; tab_id=&#8221;1483723242788-561b4c0d-37bd&#8221;][vc_column_text]Los principales factores que impulsan una decisi\u00f3n son la responsabilidad de los propietarios y el tratamiento fiscal. Otra consideraci\u00f3n importante es la facilidad para establecer y, sobre todo, mantener la estructura del negocio. La incapacidad para cumplir los procedimientos legalmente impuestos resultar\u00e1 en la p\u00e9rdida de la protecci\u00f3n de la responsabilidad personal.<\/p>\n<h3><strong>Responsabilidad de los propietarios<\/strong><\/h3>\n<p><strong>Sociedad de responsabilidad limitada<\/strong>: generalmente, los miembros (propietarios) no tienen responsabilidad personal por las obligaciones del negocio.<\/p>\n<h3><strong>Seguro<\/strong><\/h3>\n<p><strong>Sociedad de responsabilidad limitada<\/strong> o <strong>Sociedad an\u00f3nima tipo S<\/strong>: generalmente los propietarios de una sociedad de responsabilidad limitada o de una sociedad an\u00f3nima tipo S poseen protecci\u00f3n de responsabilidad.\u00a0 Sin embargo, los negocios peque\u00f1os tienen el desaf\u00edo de demostrar que el negocio es distinto y separado del propietario (miembros). Y un negocio de cuidado infantil familiar muy probablemente se podr\u00eda situar en la categor\u00eda de negocios peque\u00f1os. Adem\u00e1s, si un tribunal dictamina que se ha producido una \u201csituaci\u00f3n grave\u201d, como una negligencia, el \u201cvelo\u201d de la protecci\u00f3n de la responsabilidad se puede levantar. Por lo tanto, los propietarios de compa\u00f1\u00edas de responsabilidad limitada y las sociedades del tipo S deber\u00edan tener una <a href=\"https:\/\/www.chcfinc.org\/clearinghouse\/managing-your-program\/insurance-legal\/\">cobertura de seguro<\/a> lo suficientemente amplia.<\/p>\n<h3><strong>Tratamiento fiscal<\/strong><\/h3>\n<p><strong>Sociedad de responsabilidad limitada<\/strong>: la entidad no est\u00e1 sujeta a impuestos, todos los ingresos y las p\u00e9rdidas son transferidos a los miembros (propietarios).\u00a0 Es sumamente importante que los fondos personales no se entremezclen con los fondos corporativos, de lo contrario los accionistas (propietarios) se arriesgar\u00e1n a perder la protecci\u00f3n de su responsabilidad personal. Como un negocio basado en el hogar, los proveedores de cuidado infantil familiar pueden sentir el desaf\u00edo espec\u00edfico de demostrar que el negocio es distinto y separado del propietario (miembro).<\/p>\n<h3><strong>Facilidad para mantener y establecer el negocio:<\/strong><\/h3>\n<p><strong>Sociedad de responsabilidad limitada (Limited Liability Company o LLC)<\/strong>: el estatuto de la organizaci\u00f3n se debe presentar ante la Secretar\u00eda de Estado. Es muy aconsejable elaborar un Acuerdo de Operaci\u00f3n, incluso en la instancia de un miembro \u00fanico-LLC. En el Estado de Nueva York, la tasa de registro es de $200. El estado tambi\u00e9n exige que se publique una copia del estatuto de la organizaci\u00f3n o un aviso en dos peri\u00f3dicos durante seis semanas consecutivas, adem\u00e1s del costo para establecer el negocio. Los costos adicionales incluyen una tasa de registro de $50 para el Certificado de publicaci\u00f3n, as\u00ed como los honorarios del abogado. No hace falta contratar a un abogado, pero se recomienda hacerlo.<\/p>\n<p>Recursos y enlaces:<\/p>\n<ul>\n<li><a href=\"about:blank\">Business Structure Alternatives &#8211; Advs and Disadvs.docx<\/a><\/li>\n<li><a href=\"http:\/\/smallbusiness.chron.com\/difference-between-incorporated-unincorporated-businesses-57463.html\">http:\/\/smallbusiness.chron.com\/difference-between-incorporated-unincorporated-businesses-57463.html<\/a><\/li>\n<li><a href=\"https:\/\/www.legalzoom.com\/knowledge\/limited-liability-company\/topic\/llc-sole-proprietor-partnership-comparison\">https:\/\/www.legalzoom.com\/knowledge\/limited-liability-company\/topic\/llc-sole-proprietor-partnership-comparison<\/a><\/li>\n<li><a href=\"http:\/\/markjkohler.com\/piercing-the-corporate-veil-and-protecting-yourself\/\">http:\/\/markjkohler.com\/piercing-the-corporate-veil-and-protecting-yourself\/<\/a><\/li>\n<li><a href=\"http:\/\/www.kiplinger.com\/slideshow\/taxes\/T056-S011-irs-audit-red-flags\/index.html\">http:\/\/www.kiplinger.com\/slideshow\/taxes\/T056-S011-irs-audit-red-flags\/index.html<\/a><\/li>\n<\/ul>\n<p>[\/vc_column_text][\/vc_tta_section][vc_tta_section title=&#8221;Seleccionar una estructura de negocio: Sociedad an\u00f3nima del tipo S&#8221; tab_id=&#8221;1483723245115-15efd0d3-6991&#8243;][vc_column_text]Los principales factores que impulsan una decisi\u00f3n son la responsabilidad de los propietarios y el tratamiento fiscal. Otra consideraci\u00f3n importante es la facilidad para establecer y, sobre todo, mantener la estructura del negocio. La incapacidad para cumplir los procedimientos legalmente impuestos resultar\u00e1 en la p\u00e9rdida de la protecci\u00f3n de la responsabilidad personal.<\/p>\n<h3><strong>Responsabilidad de los propietarios<\/strong><\/h3>\n<p><strong>Sociedad an\u00f3nima del tipo S<\/strong>: generalmente los accionistas (propietarios) no tienen responsabilidad personal por las obligaciones del negocio.<\/p>\n<h3><strong>Seguro<\/strong><\/h3>\n<p><strong>Sociedad de responsabilidad limitada <\/strong>\u00a0o <strong>Sociedad an\u00f3nima del tipo S<\/strong>: en general los propietarios de una sociedad de responsabilidad limitada o de una sociedad del tipo S poseen protecci\u00f3n de responsabilidad personal.\u00a0 Sin embargo, los negocios peque\u00f1os tienen el desaf\u00edo de demostrar que el negocio es distinto y separado del propietario (miembros). Y un negocio de cuidado infantil familiar muy probablemente se podr\u00eda situar en la categor\u00eda de negocios peque\u00f1os. Adem\u00e1s, si un tribunal dictamina que se ha producido una \u201csituaci\u00f3n grave\u201d, como una negligencia, el \u201cvelo\u201d de la protecci\u00f3n de la responsabilidad se puede levantar. Por lo tanto, los propietarios de compa\u00f1\u00edas de responsabilidad limitada y las sociedades del tipo S deber\u00edan tener una <a href=\"https:\/\/www.chcfinc.org\/clearinghouse\/managing-your-program\/insurance-legal\/\">cobertura de seguro<\/a> lo suficientemente amplia.<\/p>\n<h3><strong>Tratamiento fiscal<\/strong><\/h3>\n<p><strong>Sociedad an\u00f3nima del tipo S<\/strong>: la entidad no est\u00e1 sujeta a impuestos, todos los ingresos y las p\u00e9rdidas son transferidos a los accionistas (propietarios). Es sumamente importante que los fondos personales no se entremezclen con los fondos corporativos, de lo contrario los accionistas (propietarios) se arriesgar\u00e1n a perder la protecci\u00f3n de su responsabilidad personal.<\/p>\n<h3><strong>Facilidad para mantener y establecer el negocio:<\/strong><\/h3>\n<p><strong>Sociedad an\u00f3nima del tipo S<\/strong>: para su creaci\u00f3n se debe presentar el estatuto de la organizaci\u00f3n. Estas entidades deben celebrar reuniones con el director y los accionistas, las actas de estas reuniones se deben registrar y el directorio debe autorizar las transacciones comerciales m\u00e1s importantes. Si estos procedimientos no se mantienen, los accionistas (propietarios) se arriesgar\u00e1n a perder la protecci\u00f3n de su responsabilidad personal.<\/p>\n<p>Recursos y enlaces:<\/p>\n<ul>\n<li><a href=\"about:blank\">Business Structure Alternatives &#8211; Advs and Disadvs.docx<\/a><\/li>\n<li><a href=\"http:\/\/smallbusiness.chron.com\/difference-between-incorporated-unincorporated-businesses-57463.html\">http:\/\/smallbusiness.chron.com\/difference-between-incorporated-unincorporated-businesses-57463.html<\/a><\/li>\n<li><a href=\"https:\/\/www.legalzoom.com\/knowledge\/limited-liability-company\/topic\/llc-sole-proprietor-partnership-comparison\">https:\/\/www.legalzoom.com\/knowledge\/limited-liability-company\/topic\/llc-sole-proprietor-partnership-comparison<\/a><\/li>\n<li><a href=\"http:\/\/www.kiplinger.com\/slideshow\/taxes\/T056-S011-irs-audit-red-flags\/index.html\">http:\/\/www.kiplinger.com\/slideshow\/taxes\/T056-S011-irs-audit-red-flags\/index.html<\/a><\/li>\n<li><a href=\"http:\/\/markjkohler.com\/piercing-the-corporate-veil-and-protecting-yourself\/\">http:\/\/markjkohler.com\/piercing-the-corporate-veil-and-protecting-yourself\/<\/a><\/li>\n<\/ul>\n<p>[\/vc_column_text][\/vc_tta_section][vc_tta_section title=&#8221;Sociedad an\u00f3nima del tipo S: \u00bfUn propietario puede ser un empleado?&#8221; tab_id=&#8221;1447901292414-deff8d4f-8f4b&#8221;][vc_column_text]Un accionista de una sociedad del tipo S puede ser un empleado de la sociedad. La sociedad an\u00f3nima de tipo S debe determinar e informar un salario adecuado y razonable para el empleado-accionista. El empleado-accionista a su vez declara esta compensaci\u00f3n como salario en sus formularios de impuestos.<\/p>\n<p>Estos pagos est\u00e1n sujetos a impuestos de trabajo. La sociedad del tipo S tiene la obligaci\u00f3n de pagar los impuestos de seguro social, Medicare y el seguro de desempleo federal. En el Estado de Nueva York, la sociedad del tipo S tambi\u00e9n paga el seguro de desempleo estatal, y es responsable por retener el monto adecuado de impuesto a las ganancias del pago al empleado-accionista.<\/p>\n<p>Las primas del seguro contra accidentes y enfermedades que se pagan a nombre de un empleado-accionista con una participaci\u00f3n de m\u00e1s del 2% en una sociedad an\u00f3nima del tipo S, se declaran como salarios en el <a href=\"https:\/\/www.irs.gov\/uac\/About-Form-W2\">Formulario W-2<\/a>, y est\u00e1n sujetas a retenci\u00f3n de impuesto a las ganancias.<\/p>\n<p>Conozca m\u00e1s acerca de las responsabilidades del empleador <a href=\"https:\/\/www.chcfinc.org\/clearinghouse\/managing-your-program\/employees\/\">aqu\u00ed<\/a>.<\/p>\n<p>Incluso si un accionista no se considera a s\u00ed mismo un empleado, el IRS manifiesta: \u201ccuando los funcionarios corporativos realizan un servicio para la sociedad y reciben o tienen derecho a recibir pagos, estos pagos ser\u00e1n considerados salarios&#8221;. Esto tambi\u00e9n se aplica incluso cuando los accionistas toman distribuciones, dividendos u otras formas de compensaci\u00f3n en lugar de salarios.<\/p>\n<p>Si el funcionario no realiza ning\u00fan servicio o solamente realiza servicios menores y no tiene derecho a recibir una compensaci\u00f3n, no ser\u00e1 considerado un empleado.<\/p>\n<p>&nbsp;<\/p>\n<p>Recursos y enlaces:<\/p>\n<p><a href=\"https:\/\/www.irs.gov\/Businesses\/Small-Businesses-&amp;-Self-Employed\/S-Corporation-Employees-Shareholders-and-Corporate-Officers\">https:\/\/www.irs.gov\/Businesses\/Small-Businesses-&amp;-Self-Employed\/S-Corporation-Employees-Shareholders-and-Corporate-Officers<\/a><\/p>\n<p><a href=\"https:\/\/www.irs.gov\/Businesses\/Small-Businesses-&amp;-Self-Employed\/S-Corporation-Compensation-and-Medical-Insurance-Issues\">https:\/\/www.irs.gov\/Businesses\/Small-Businesses-&amp;-Self-Employed\/S-Corporation-Compensation-and-Medical-Insurance-Issues<\/a>[\/vc_column_text][\/vc_tta_section][\/vc_tta_accordion][\/vc_column][\/vc_row][vc_row type=&#8221;container&#8221; padding_top=&#8221;&#8221; padding_bottom=&#8221;&#8221;][vc_column width=&#8221;1\/2&#8243;][vc_column_text]<iframe src=\"\/\/docs.google.com\/viewer?url=https%3A%2F%2Fwww.chcfinc.org%2Fclearinghouse%2Fwp-content%2Fuploads%2F2015%2F10%2FBusiness-Structure-Alternatives.pdf&hl=en_US&embedded=true\" class=\"gde-frame\" style=\"width:100%; height:500px; border: none;\" scrolling=\"no\"><\/iframe>\n<p class=\"gde-text\"><a href=\"https:\/\/www.chcfinc.org\/clearinghouse\/wp-content\/uploads\/2015\/10\/Business-Structure-Alternatives.pdf\" class=\"gde-link\">Download (PDF, 144KB)<\/a><\/p>[\/vc_column_text][\/vc_column][vc_column width=&#8221;1\/2&#8243;][\/vc_column][\/vc_row][vc_row type=&#8221;container&#8221; padding_top=&#8221;&#8221; padding_bottom=&#8221;&#8221;][vc_column][vc_column_text]<\/p>\n<h2>RECURSO y ENLACE<\/h2>\n<p><a href=\"https:\/\/www.sba.gov\/content\/sole-proprietorship-0\" target=\"_blank\" rel=\"noopener\">Sole Proprietorship<\/a><\/p>\n<p><a href=\"https:\/\/www.sba.gov\/content\/limited-liability-company-llc\" target=\"_blank\" rel=\"noopener\">Limited Liability Company (LLC)<\/a><\/p>\n<p><a href=\"https:\/\/www.sba.gov\/content\/partnership\" target=\"_blank\" rel=\"noopener\">Partnership<\/a><\/p>\n<p><a href=\"https:\/\/www.sba.gov\/content\/corporation\" target=\"_blank\" rel=\"noopener\">Corporation<\/a><\/p>\n<p><a href=\"https:\/\/www.sba.gov\/content\/s-corporation\" target=\"_blank\" rel=\"noopener\">S Corporation<\/a>[\/vc_column_text][\/vc_column][\/vc_row]<\/p>\n","protected":false},"excerpt":{"rendered":"<p>[vc_row type=&#8221;container&#8221; padding_top=&#8221;&#8221; padding_bottom=&#8221;&#8221;][vc_column css=&#8221;.vc_custom_1444995043702{margin-bottom: 35px !important;}&#8221;][vc_column_text]La estructura del negocio se define como la manera en que un negocio est\u00e1 organizado. La estructura del negocio identifica qui\u00e9n es el propietario de la compa\u00f1\u00eda, c\u00f3mo se distribuyen las ganancias y qu\u00e9 gerente desempe\u00f1a cu\u00e1l trabajo. En Estados Unidos, las tres estructuras de negocio reconocidas por el [&hellip;]<\/p>\n","protected":false},"author":1,"featured_media":0,"parent":72358,"menu_order":4,"comment_status":"closed","ping_status":"closed","template":"","meta":{"_acf_changed":false,"jetpack_post_was_ever_published":false,"footnotes":""},"class_list":["post-72377","page","type-page","status-publish","hentry"],"acf":[],"jetpack_sharing_enabled":true,"jetpack_shortlink":"https:\/\/wp.me\/P6XtFU-iPn","_links":{"self":[{"href":"https:\/\/www.chcfinc.org\/clearinghouse\/wp-json\/wp\/v2\/pages\/72377","targetHints":{"allow":["GET"]}}],"collection":[{"href":"https:\/\/www.chcfinc.org\/clearinghouse\/wp-json\/wp\/v2\/pages"}],"about":[{"href":"https:\/\/www.chcfinc.org\/clearinghouse\/wp-json\/wp\/v2\/types\/page"}],"author":[{"embeddable":true,"href":"https:\/\/www.chcfinc.org\/clearinghouse\/wp-json\/wp\/v2\/users\/1"}],"replies":[{"embeddable":true,"href":"https:\/\/www.chcfinc.org\/clearinghouse\/wp-json\/wp\/v2\/comments?post=72377"}],"version-history":[{"count":29,"href":"https:\/\/www.chcfinc.org\/clearinghouse\/wp-json\/wp\/v2\/pages\/72377\/revisions"}],"predecessor-version":[{"id":73001,"href":"https:\/\/www.chcfinc.org\/clearinghouse\/wp-json\/wp\/v2\/pages\/72377\/revisions\/73001"}],"up":[{"embeddable":true,"href":"https:\/\/www.chcfinc.org\/clearinghouse\/wp-json\/wp\/v2\/pages\/72358"}],"wp:attachment":[{"href":"https:\/\/www.chcfinc.org\/clearinghouse\/wp-json\/wp\/v2\/media?parent=72377"}],"curies":[{"name":"wp","href":"https:\/\/api.w.org\/{rel}","templated":true}]}}