{"id":72366,"date":"2017-01-18T11:49:36","date_gmt":"2017-01-18T16:49:36","guid":{"rendered":"https:\/\/www.chcfinc.org\/clearinghouse\/establezca-su-programa\/aspectos-basicos-del-negocio\/"},"modified":"2017-10-03T11:10:24","modified_gmt":"2017-10-03T15:10:24","slug":"aspectos-basicos-del-negocio","status":"publish","type":"page","link":"https:\/\/www.chcfinc.org\/clearinghouse\/establezca-su-programa\/aspectos-basicos-del-negocio\/","title":{"rendered":"Aspectos B\u00e1sicos del Negocio"},"content":{"rendered":"<p>[vc_row type=&#8221;container&#8221; padding_top=&#8221;&#8221; padding_bottom=&#8221;&#8221;][vc_column][vc_column_text]Una vez que el proveedor de cuidado infantil establece el nuevo negocio, el siguiente paso es poner en orden los aspectos b\u00e1sicos del negocio, lo cual es cr\u00edtico para alcanzar el \u00e9xito. Despu\u00e9s de determinar si el proveedor est\u00e1 preparado para establecer un programa de cuidado infantil familiar en su casa, sus primeros pasos deber\u00e1n ser:<\/p>\n<ul>\n<li>determinar la estructura comercial (legal) del negocio;<\/li>\n<li>registrar un nombre comercial (\u201cHacer negocios como\u201d) es opcional, aunque muy recomendable;<\/li>\n<li>obtener un n\u00famero de identificaci\u00f3n fiscal (\u201cEIN\u201d), que se debe realizar como parte de la postulaci\u00f3n para la licencia\/registro;<\/li>\n<li>determinar las obligaciones tributarias estatales.<\/li>\n<\/ul>\n<p>Para aprender m\u00e1s acerca de c\u00f3mo establecer un negocio, haga clic en los siguientes enlaces.[\/vc_column_text][\/vc_column][\/vc_row][vc_row type=&#8221;container&#8221; padding_top=&#8221;&#8221; padding_bottom=&#8221;&#8221; css=&#8221;.vc_custom_1444993834449{margin-bottom: 15px !important;padding-top: 50px !important;}&#8221;][vc_column css=&#8221;.vc_custom_1444993797023{margin-bottom: 35px !important;}&#8221;][vc_btn title=&#8221;Estructura del Negocio&#8221; color=&#8221;blue&#8221; size=&#8221;lg&#8221; link=&#8221;url:https%3A%2F%2Fwww.chcfinc.org%2Fclearinghouse%2Fes%2Festablezca-su-programa%2Festructura-del-negocio%2F|||&#8221;][vc_btn title=&#8221;Contratos y Pol\u00edticas&#8221; color=&#8221;peacoc&#8221; size=&#8221;lg&#8221; link=&#8221;url:https%3A%2F%2Fwww.chcfinc.org%2Fclearinghouse%2Fes%2Festablezca-su-programa%2Fcontrato-y-politicas%2F|||&#8221;][vc_btn title=&#8221;Hace Negocios Como (DBA)\/Nombres Ficticios&#8221; color=&#8221;turquoise&#8221; size=&#8221;lg&#8221; link=&#8221;url:https%3A%2F%2Fwww.chcfinc.org%2Fclearinghouse%2Fes%2Festablezca-su-programa%2Fhace-negocios-como-dbanombre-ficticio%2F|||&#8221;][vc_btn title=&#8221;Empleado&#8221; color=&#8221;pink&#8221; size=&#8221;lg&#8221; link=&#8221;url:https%3A%2F%2Fwww.chcfinc.org%2Fclearinghouse%2Fes%2Festablezca-su-programa%2Fempleados%2F|||&#8221;][vc_btn title=&#8221;N\u00famero de identificaci\u00f3n de empleador (EIN)&#8221; color=&#8221;violet&#8221; size=&#8221;lg&#8221; link=&#8221;url:https%3A%2F%2Fwww.chcfinc.org%2Fclearinghouse%2Fes%2Festablezca-su-programa%2Fnumero-de-identificacion-del-empleado-ein%2F|||&#8221;][vc_btn title=&#8221;Corporaci\u00f3n de Responsabilidad Limitada&#8221; color=&#8221;vista-blue&#8221; size=&#8221;lg&#8221; link=&#8221;url:https%3A%2F%2Fwww.chcfinc.org%2Fclearinghouse%2Fes%2Festablezca-su-programa%2Fcorporacion-de-responsabilidad-limitada-llc%2F|||&#8221;][vc_btn title=&#8221;Auto-evaluaci\u00f3n: Negocio B\u00e1sico&#8221; color=&#8221;chino&#8221; size=&#8221;lg&#8221; link=&#8221;url:https%3A%2F%2Fwww.chcfinc.org%2Fclearinghouse%2Fes%2Festablezca-su-programa%2Faspectos-basicos-del-negocio%2Fauto-evaluacion-negocio-basico%2F|||&#8221;][\/vc_column][\/vc_row][vc_row type=&#8221;container&#8221; padding_top=&#8221;&#8221; padding_bottom=&#8221;&#8221;][vc_column][vc_column_text]<\/p>\n<h2>RECURSOS y ENLACES<\/h2>\n<p>[\/vc_column_text][vc_separator color=&#8221;#eaeaea&#8221; type=&#8221;normal&#8221; thickness=&#8221;1&#8243; up=&#8221;&#8221; down=&#8221;&#8221;][\/vc_column][\/vc_row][vc_row type=&#8221;container&#8221; padding_top=&#8221;&#8221; padding_bottom=&#8221;&#8221;][vc_column width=&#8221;1\/4&#8243;][vc_single_image image=&#8221;70771&#8243; onclick=&#8221;custom_link&#8221; img_link_target=&#8221;_blank&#8221; link=&#8221;http:\/\/www.sba.gov\/&#8221;][\/vc_column][vc_column width=&#8221;1\/4&#8243;][vc_single_image image=&#8221;70770&#8243; img_size=&#8221;medium&#8221; alignment=&#8221;center&#8221; onclick=&#8221;custom_link&#8221; img_link_target=&#8221;_blank&#8221; link=&#8221;https:\/\/www.irs.gov\/Businesses\/Small-Businesses-&amp;-Self-Employed&#8221;][\/vc_column][vc_column width=&#8221;1\/4&#8243;][vc_single_image image=&#8221;70772&#8243; img_size=&#8221;medium&#8221; alignment=&#8221;center&#8221; onclick=&#8221;custom_link&#8221; img_link_target=&#8221;_blank&#8221; link=&#8221;http:\/\/www.nyc.gov\/html\/sbs\/html\/home\/home.shtml&#8221;][\/vc_column][vc_column width=&#8221;1\/4&#8243;][vc_single_image image=&#8221;70773&#8243; img_size=&#8221;medium&#8221; alignment=&#8221;center&#8221; onclick=&#8221;custom_link&#8221; link=&#8221;http:\/\/www.ny.gov\/services\/business&#8221;][\/vc_column][\/vc_row]<\/p>\n","protected":false},"excerpt":{"rendered":"<p>[vc_row type=&#8221;container&#8221; padding_top=&#8221;&#8221; padding_bottom=&#8221;&#8221;][vc_column][vc_column_text]Una vez que el proveedor de cuidado infantil establece el nuevo negocio, el siguiente paso es poner en orden los aspectos b\u00e1sicos del negocio, lo cual es cr\u00edtico para alcanzar el \u00e9xito. Despu\u00e9s de determinar si el proveedor est\u00e1 preparado para establecer un programa de cuidado infantil familiar en su casa, sus [&hellip;]<\/p>\n","protected":false},"author":1,"featured_media":0,"parent":72358,"menu_order":0,"comment_status":"closed","ping_status":"closed","template":"","meta":{"_acf_changed":false,"jetpack_post_was_ever_published":false,"footnotes":""},"class_list":["post-72366","page","type-page","status-publish","hentry"],"acf":[],"jetpack_sharing_enabled":true,"jetpack_shortlink":"https:\/\/wp.me\/P6XtFU-iPc","_links":{"self":[{"href":"https:\/\/www.chcfinc.org\/clearinghouse\/wp-json\/wp\/v2\/pages\/72366","targetHints":{"allow":["GET"]}}],"collection":[{"href":"https:\/\/www.chcfinc.org\/clearinghouse\/wp-json\/wp\/v2\/pages"}],"about":[{"href":"https:\/\/www.chcfinc.org\/clearinghouse\/wp-json\/wp\/v2\/types\/page"}],"author":[{"embeddable":true,"href":"https:\/\/www.chcfinc.org\/clearinghouse\/wp-json\/wp\/v2\/users\/1"}],"replies":[{"embeddable":true,"href":"https:\/\/www.chcfinc.org\/clearinghouse\/wp-json\/wp\/v2\/comments?post=72366"}],"version-history":[{"count":53,"href":"https:\/\/www.chcfinc.org\/clearinghouse\/wp-json\/wp\/v2\/pages\/72366\/revisions"}],"predecessor-version":[{"id":73015,"href":"https:\/\/www.chcfinc.org\/clearinghouse\/wp-json\/wp\/v2\/pages\/72366\/revisions\/73015"}],"up":[{"embeddable":true,"href":"https:\/\/www.chcfinc.org\/clearinghouse\/wp-json\/wp\/v2\/pages\/72358"}],"wp:attachment":[{"href":"https:\/\/www.chcfinc.org\/clearinghouse\/wp-json\/wp\/v2\/media?parent=72366"}],"curies":[{"name":"wp","href":"https:\/\/api.w.org\/{rel}","templated":true}]}}